{"id":3459,"date":"2023-02-22T15:22:48","date_gmt":"2023-02-22T15:22:48","guid":{"rendered":"https:\/\/persianasysolucionesya.com\/?post_type=product&#038;p=3459"},"modified":"2026-05-03T05:17:24","modified_gmt":"2026-05-03T05:17:24","slug":"panel-japones-gris","status":"publish","type":"product","link":"https:\/\/persianasysolucionesya.com\/?product=panel-japones-gris","title":{"rendered":"Panel Japon\u00e9s Gris"},"content":{"rendered":"<ol>\n<li>Versatilidad: La persiana panel japon\u00e9s es muy vers\u00e1til y se puede utilizar para cubrir grandes ventanales, separar ambientes o como elemento decorativo en cualquier espacio.<\/li>\n<li>Control de la luz y privacidad: Los paneles de la persiana panel japon\u00e9s se pueden ajustar para controlar la entrada de luz y la privacidad deseada.<\/li>\n<li>Reducci\u00f3n de ruido: Al estar confeccionados con materiales de alta calidad, la persiana panel japon\u00e9s puede ayudar a reducir el ruido externo en el hogar.<\/li>\n<li>F\u00e1cil mantenimiento: La persiana panel japon\u00e9s es f\u00e1cil de mantener y limpiar, ya que se pueden retirar los paneles para lavarlos o sustituirlos.<\/li>\n<li>Est\u00e9tica elegante: La persiana panel japon\u00e9s es minimalista y moderna, lo que la convierte en una opci\u00f3n elegante para cualquier tipo de decoraci\u00f3n. Adem\u00e1s, debido a su sistema de paneles, es posible combinar diferentes colores y texturas para crear un efecto visual atractivo.<\/li>\n<\/ol>\n","protected":false},"excerpt":{"rendered":"<p><strong>Valor publicado del metro cuadrado. Envianos las medidas para darte un precio aproximado\u00a0<\/strong> \u00a0 La persiana panel japon\u00e9s es una excelente opci\u00f3n para aquellos que buscan un producto vers\u00e1til, elegante y f\u00e1cil de mantener. Con ella podr\u00e1s controlar la entrada de luz y la privacidad en tu hogar, reducir el ruido externo y darle un toque moderno a cualquier espacio.<\/p>\n","protected":false},"featured_media":3460,"comment_status":"open","ping_status":"closed","template":"","meta":{"_joinchat":[]},"product_brand":[],"product_cat":[48],"product_tag":[],"class_list":{"0":"post-3459","1":"product","2":"type-product","3":"status-publish","4":"has-post-thumbnail","6":"product_cat-panel-japones","8":"first","9":"instock","10":"shipping-taxable","11":"purchasable","12":"product-type-simple"},"yoast_head":"<!-- This site is optimized with the Yoast SEO plugin v25.9 - https:\/\/yoast.com\/wordpress\/plugins\/seo\/ -->\n<title>Panel Japon\u00e9s Gris - Persianas y Soluciones<\/title>\n<meta name=\"robots\" content=\"index, follow, max-snippet:-1, max-image-preview:large, max-video-preview:-1\" \/>\n<link rel=\"canonical\" href=\"https:\/\/persianasysolucionesya.com\/?product=panel-japones-gris\" \/>\n<meta property=\"og:locale\" content=\"es_ES\" \/>\n<meta property=\"og:type\" content=\"article\" \/>\n<meta property=\"og:title\" content=\"Panel Japon\u00e9s Gris - Persianas y Soluciones\" \/>\n<meta property=\"og:description\" content=\"Valor publicado del metro cuadrado. Envianos las medidas para darte un precio aproximado\u00a0 \u00a0 La persiana panel japon\u00e9s es una excelente opci\u00f3n para aquellos que buscan un producto vers\u00e1til, elegante y f\u00e1cil de mantener. Con ella podr\u00e1s controlar la entrada de luz y la privacidad en tu hogar, reducir el ruido externo y darle un toque moderno a cualquier espacio.\" \/>\n<meta property=\"og:url\" content=\"https:\/\/persianasysolucionesya.com\/?product=panel-japones-gris\" \/>\n<meta property=\"og:site_name\" content=\"Persianas y Soluciones\" \/>\n<meta property=\"article:modified_time\" content=\"2026-05-03T05:17:24+00:00\" \/>\n<meta property=\"og:image\" content=\"https:\/\/persianasysolucionesya.com\/wp-content\/uploads\/2023\/02\/6f09819f3b8fdf2bb33df0ad4317a99e.jpg\" \/>\n\t<meta property=\"og:image:width\" content=\"1280\" \/>\n\t<meta property=\"og:image:height\" content=\"960\" \/>\n\t<meta property=\"og:image:type\" content=\"image\/jpeg\" \/>\n<meta name=\"twitter:card\" content=\"summary_large_image\" \/>\n<meta name=\"twitter:label1\" content=\"Tiempo de lectura\" \/>\n\t<meta name=\"twitter:data1\" content=\"1 minuto\" \/>\n<script type=\"application\/ld+json\" class=\"yoast-schema-graph\">{\"@context\":\"https:\/\/schema.org\",\"@graph\":[{\"@type\":\"WebPage\",\"@id\":\"https:\/\/persianasysolucionesya.com\/?product=panel-japones-gris\",\"url\":\"https:\/\/persianasysolucionesya.com\/?product=panel-japones-gris\",\"name\":\"Panel Japon\u00e9s Gris - Persianas y Soluciones\",\"isPartOf\":{\"@id\":\"https:\/\/persianasysolucionesya.com\/#website\"},\"primaryImageOfPage\":{\"@id\":\"https:\/\/persianasysolucionesya.com\/?product=panel-japones-gris#primaryimage\"},\"image\":{\"@id\":\"https:\/\/persianasysolucionesya.com\/?product=panel-japones-gris#primaryimage\"},\"thumbnailUrl\":\"https:\/\/persianasysolucionesya.com\/wp-content\/uploads\/2023\/02\/6f09819f3b8fdf2bb33df0ad4317a99e.jpg\",\"datePublished\":\"2023-02-22T15:22:48+00:00\",\"dateModified\":\"2026-05-03T05:17:24+00:00\",\"breadcrumb\":{\"@id\":\"https:\/\/persianasysolucionesya.com\/?product=panel-japones-gris#breadcrumb\"},\"inLanguage\":\"es-CO\",\"potentialAction\":[{\"@type\":\"ReadAction\",\"target\":[\"https:\/\/persianasysolucionesya.com\/?product=panel-japones-gris\"]}]},{\"@type\":\"ImageObject\",\"inLanguage\":\"es-CO\",\"@id\":\"https:\/\/persianasysolucionesya.com\/?product=panel-japones-gris#primaryimage\",\"url\":\"https:\/\/persianasysolucionesya.com\/wp-content\/uploads\/2023\/02\/6f09819f3b8fdf2bb33df0ad4317a99e.jpg\",\"contentUrl\":\"https:\/\/persianasysolucionesya.com\/wp-content\/uploads\/2023\/02\/6f09819f3b8fdf2bb33df0ad4317a99e.jpg\",\"width\":1280,\"height\":960},{\"@type\":\"BreadcrumbList\",\"@id\":\"https:\/\/persianasysolucionesya.com\/?product=panel-japones-gris#breadcrumb\",\"itemListElement\":[{\"@type\":\"ListItem\",\"position\":1,\"name\":\"Home\",\"item\":\"https:\/\/persianasysolucionesya.com\/\"},{\"@type\":\"ListItem\",\"position\":2,\"name\":\"Tienda\",\"item\":\"https:\/\/persianasysolucionesya.com\/?page_id=5\"},{\"@type\":\"ListItem\",\"position\":3,\"name\":\"Panel Japon\u00e9s Gris\"}]},{\"@type\":\"WebSite\",\"@id\":\"https:\/\/persianasysolucionesya.com\/#website\",\"url\":\"https:\/\/persianasysolucionesya.com\/\",\"name\":\"Persianas y Soluciones\",\"description\":\"Just another WordPress site\",\"potentialAction\":[{\"@type\":\"SearchAction\",\"target\":{\"@type\":\"EntryPoint\",\"urlTemplate\":\"https:\/\/persianasysolucionesya.com\/?s={search_term_string}\"},\"query-input\":{\"@type\":\"PropertyValueSpecification\",\"valueRequired\":true,\"valueName\":\"search_term_string\"}}],\"inLanguage\":\"es-CO\"}]}<\/script>\n<!-- \/ Yoast SEO plugin. -->","yoast_head_json":{"title":"Panel Japon\u00e9s Gris - Persianas y Soluciones","robots":{"index":"index","follow":"follow","max-snippet":"max-snippet:-1","max-image-preview":"max-image-preview:large","max-video-preview":"max-video-preview:-1"},"canonical":"https:\/\/persianasysolucionesya.com\/?product=panel-japones-gris","og_locale":"es_ES","og_type":"article","og_title":"Panel Japon\u00e9s Gris - Persianas y Soluciones","og_description":"Valor publicado del metro cuadrado. Envianos las medidas para darte un precio aproximado\u00a0 \u00a0 La persiana panel japon\u00e9s es una excelente opci\u00f3n para aquellos que buscan un producto vers\u00e1til, elegante y f\u00e1cil de mantener. Con ella podr\u00e1s controlar la entrada de luz y la privacidad en tu hogar, reducir el ruido externo y darle un toque moderno a cualquier espacio.","og_url":"https:\/\/persianasysolucionesya.com\/?product=panel-japones-gris","og_site_name":"Persianas y Soluciones","article_modified_time":"2026-05-03T05:17:24+00:00","og_image":[{"width":1280,"height":960,"url":"https:\/\/persianasysolucionesya.com\/wp-content\/uploads\/2023\/02\/6f09819f3b8fdf2bb33df0ad4317a99e.jpg","type":"image\/jpeg"}],"twitter_card":"summary_large_image","twitter_misc":{"Tiempo de lectura":"1 minuto"},"schema":{"@context":"https:\/\/schema.org","@graph":[{"@type":"WebPage","@id":"https:\/\/persianasysolucionesya.com\/?product=panel-japones-gris","url":"https:\/\/persianasysolucionesya.com\/?product=panel-japones-gris","name":"Panel Japon\u00e9s Gris - Persianas y Soluciones","isPartOf":{"@id":"https:\/\/persianasysolucionesya.com\/#website"},"primaryImageOfPage":{"@id":"https:\/\/persianasysolucionesya.com\/?product=panel-japones-gris#primaryimage"},"image":{"@id":"https:\/\/persianasysolucionesya.com\/?product=panel-japones-gris#primaryimage"},"thumbnailUrl":"https:\/\/persianasysolucionesya.com\/wp-content\/uploads\/2023\/02\/6f09819f3b8fdf2bb33df0ad4317a99e.jpg","datePublished":"2023-02-22T15:22:48+00:00","dateModified":"2026-05-03T05:17:24+00:00","breadcrumb":{"@id":"https:\/\/persianasysolucionesya.com\/?product=panel-japones-gris#breadcrumb"},"inLanguage":"es-CO","potentialAction":[{"@type":"ReadAction","target":["https:\/\/persianasysolucionesya.com\/?product=panel-japones-gris"]}]},{"@type":"ImageObject","inLanguage":"es-CO","@id":"https:\/\/persianasysolucionesya.com\/?product=panel-japones-gris#primaryimage","url":"https:\/\/persianasysolucionesya.com\/wp-content\/uploads\/2023\/02\/6f09819f3b8fdf2bb33df0ad4317a99e.jpg","contentUrl":"https:\/\/persianasysolucionesya.com\/wp-content\/uploads\/2023\/02\/6f09819f3b8fdf2bb33df0ad4317a99e.jpg","width":1280,"height":960},{"@type":"BreadcrumbList","@id":"https:\/\/persianasysolucionesya.com\/?product=panel-japones-gris#breadcrumb","itemListElement":[{"@type":"ListItem","position":1,"name":"Home","item":"https:\/\/persianasysolucionesya.com\/"},{"@type":"ListItem","position":2,"name":"Tienda","item":"https:\/\/persianasysolucionesya.com\/?page_id=5"},{"@type":"ListItem","position":3,"name":"Panel Japon\u00e9s Gris"}]},{"@type":"WebSite","@id":"https:\/\/persianasysolucionesya.com\/#website","url":"https:\/\/persianasysolucionesya.com\/","name":"Persianas y Soluciones","description":"Just another WordPress site","potentialAction":[{"@type":"SearchAction","target":{"@type":"EntryPoint","urlTemplate":"https:\/\/persianasysolucionesya.com\/?s={search_term_string}"},"query-input":{"@type":"PropertyValueSpecification","valueRequired":true,"valueName":"search_term_string"}}],"inLanguage":"es-CO"}]}},"_links":{"self":[{"href":"https:\/\/persianasysolucionesya.com\/index.php?rest_route=\/wp\/v2\/product\/3459","targetHints":{"allow":["GET"]}}],"collection":[{"href":"https:\/\/persianasysolucionesya.com\/index.php?rest_route=\/wp\/v2\/product"}],"about":[{"href":"https:\/\/persianasysolucionesya.com\/index.php?rest_route=\/wp\/v2\/types\/product"}],"replies":[{"embeddable":true,"href":"https:\/\/persianasysolucionesya.com\/index.php?rest_route=%2Fwp%2Fv2%2Fcomments&post=3459"}],"wp:featuredmedia":[{"embeddable":true,"href":"https:\/\/persianasysolucionesya.com\/index.php?rest_route=\/wp\/v2\/media\/3460"}],"wp:attachment":[{"href":"https:\/\/persianasysolucionesya.com\/index.php?rest_route=%2Fwp%2Fv2%2Fmedia&parent=3459"}],"wp:term":[{"taxonomy":"product_brand","embeddable":true,"href":"https:\/\/persianasysolucionesya.com\/index.php?rest_route=%2Fwp%2Fv2%2Fproduct_brand&post=3459"},{"taxonomy":"product_cat","embeddable":true,"href":"https:\/\/persianasysolucionesya.com\/index.php?rest_route=%2Fwp%2Fv2%2Fproduct_cat&post=3459"},{"taxonomy":"product_tag","embeddable":true,"href":"https:\/\/persianasysolucionesya.com\/index.php?rest_route=%2Fwp%2Fv2%2Fproduct_tag&post=3459"}],"curies":[{"name":"wp","href":"https:\/\/api.w.org\/{rel}","templated":true}]}}