{"id":3455,"date":"2023-02-22T15:17:56","date_gmt":"2023-02-22T15:17:56","guid":{"rendered":"https:\/\/persianasysolucionesya.com\/?post_type=product&#038;p=3455"},"modified":"2023-02-22T18:01:48","modified_gmt":"2023-02-22T18:01:48","slug":"panel-japones-blanco-2","status":"publish","type":"product","link":"https:\/\/persianasysolucionesya.com\/?product=panel-japones-blanco-2","title":{"rendered":"Panel Japon\u00e9s Blanco"},"content":{"rendered":"<p>La persiana panel japon\u00e9s es un tipo de cortina que se caracteriza por tener grandes paneles verticales que se desplazan sobre un riel. Cada panel puede ser de diferentes anchuras y pueden ser elaborados en diversos materiales, como telas, papeles, vinilos, entre otros.<\/p>\n<p>Esta persiana es muy vers\u00e1til y se puede utilizar para separar ambientes, cubrir grandes ventanales, y como elemento decorativo. Tambi\u00e9n se puede utilizar para controlar la entrada de luz, privacidad y reducir el ruido externo.<\/p>\n<p>El dise\u00f1o de los paneles japoneses es minimalista, lo que los convierte en una opci\u00f3n elegante y moderna para cualquier tipo de decoraci\u00f3n. Adem\u00e1s, debido a su sistema de paneles, es posible combinar diferentes colores y texturas para crear un efecto visual muy atractivo.<\/p>\n","protected":false},"excerpt":{"rendered":"<p><strong>Valor publicado del metro cuadrado. Env\u00edanos las medidas para darte un precio aproximado<\/strong>.\u00a0 La persiana panel japon\u00e9s es una excelente opci\u00f3n para aquellos que buscan un producto vers\u00e1til, elegante y f\u00e1cil de mantener. Con ella podr\u00e1s controlar la entrada de luz y la privacidad en tu hogar, reducir el ruido externo y darle un toque moderno a cualquier espacio.<\/p>\n","protected":false},"featured_media":3458,"comment_status":"open","ping_status":"closed","template":"","meta":{"_joinchat":[]},"product_brand":[],"product_cat":[48],"product_tag":[],"class_list":{"0":"post-3455","1":"product","2":"type-product","3":"status-publish","4":"has-post-thumbnail","6":"product_cat-panel-japones","8":"first","9":"instock","10":"shipping-taxable","11":"purchasable","12":"product-type-simple"},"yoast_head":"<!-- This site is optimized with the Yoast SEO plugin v25.9 - https:\/\/yoast.com\/wordpress\/plugins\/seo\/ -->\n<title>Panel Japon\u00e9s Blanco - Persianas y Soluciones<\/title>\n<meta name=\"robots\" content=\"index, follow, max-snippet:-1, max-image-preview:large, max-video-preview:-1\" \/>\n<link rel=\"canonical\" href=\"https:\/\/persianasysolucionesya.com\/?product=panel-japones-blanco-2\" \/>\n<meta property=\"og:locale\" content=\"es_ES\" \/>\n<meta property=\"og:type\" content=\"article\" \/>\n<meta property=\"og:title\" content=\"Panel Japon\u00e9s Blanco - Persianas y Soluciones\" \/>\n<meta property=\"og:description\" content=\"Valor publicado del metro cuadrado. Env\u00edanos las medidas para darte un precio aproximado.\u00a0 La persiana panel japon\u00e9s es una excelente opci\u00f3n para aquellos que buscan un producto vers\u00e1til, elegante y f\u00e1cil de mantener. Con ella podr\u00e1s controlar la entrada de luz y la privacidad en tu hogar, reducir el ruido externo y darle un toque moderno a cualquier espacio.\" \/>\n<meta property=\"og:url\" content=\"https:\/\/persianasysolucionesya.com\/?product=panel-japones-blanco-2\" \/>\n<meta property=\"og:site_name\" content=\"Persianas y Soluciones\" \/>\n<meta property=\"article:modified_time\" content=\"2023-02-22T18:01:48+00:00\" \/>\n<meta property=\"og:image\" content=\"https:\/\/persianasysolucionesya.com\/wp-content\/uploads\/2023\/02\/Panel-japones-Screen-Blanco_0.jpg\" \/>\n\t<meta property=\"og:image:width\" content=\"600\" \/>\n\t<meta property=\"og:image:height\" content=\"500\" \/>\n\t<meta property=\"og:image:type\" content=\"image\/jpeg\" \/>\n<meta name=\"twitter:card\" content=\"summary_large_image\" \/>\n<meta name=\"twitter:label1\" content=\"Tiempo de lectura\" \/>\n\t<meta name=\"twitter:data1\" content=\"1 minuto\" \/>\n<script type=\"application\/ld+json\" class=\"yoast-schema-graph\">{\"@context\":\"https:\/\/schema.org\",\"@graph\":[{\"@type\":\"WebPage\",\"@id\":\"https:\/\/persianasysolucionesya.com\/?product=panel-japones-blanco-2\",\"url\":\"https:\/\/persianasysolucionesya.com\/?product=panel-japones-blanco-2\",\"name\":\"Panel Japon\u00e9s Blanco - Persianas y Soluciones\",\"isPartOf\":{\"@id\":\"https:\/\/persianasysolucionesya.com\/#website\"},\"primaryImageOfPage\":{\"@id\":\"https:\/\/persianasysolucionesya.com\/?product=panel-japones-blanco-2#primaryimage\"},\"image\":{\"@id\":\"https:\/\/persianasysolucionesya.com\/?product=panel-japones-blanco-2#primaryimage\"},\"thumbnailUrl\":\"https:\/\/persianasysolucionesya.com\/wp-content\/uploads\/2023\/02\/Panel-japones-Screen-Blanco_0.jpg\",\"datePublished\":\"2023-02-22T15:17:56+00:00\",\"dateModified\":\"2023-02-22T18:01:48+00:00\",\"breadcrumb\":{\"@id\":\"https:\/\/persianasysolucionesya.com\/?product=panel-japones-blanco-2#breadcrumb\"},\"inLanguage\":\"es-CO\",\"potentialAction\":[{\"@type\":\"ReadAction\",\"target\":[\"https:\/\/persianasysolucionesya.com\/?product=panel-japones-blanco-2\"]}]},{\"@type\":\"ImageObject\",\"inLanguage\":\"es-CO\",\"@id\":\"https:\/\/persianasysolucionesya.com\/?product=panel-japones-blanco-2#primaryimage\",\"url\":\"https:\/\/persianasysolucionesya.com\/wp-content\/uploads\/2023\/02\/Panel-japones-Screen-Blanco_0.jpg\",\"contentUrl\":\"https:\/\/persianasysolucionesya.com\/wp-content\/uploads\/2023\/02\/Panel-japones-Screen-Blanco_0.jpg\",\"width\":600,\"height\":500},{\"@type\":\"BreadcrumbList\",\"@id\":\"https:\/\/persianasysolucionesya.com\/?product=panel-japones-blanco-2#breadcrumb\",\"itemListElement\":[{\"@type\":\"ListItem\",\"position\":1,\"name\":\"Home\",\"item\":\"https:\/\/persianasysolucionesya.com\/\"},{\"@type\":\"ListItem\",\"position\":2,\"name\":\"Tienda\",\"item\":\"https:\/\/persianasysolucionesya.com\/?page_id=5\"},{\"@type\":\"ListItem\",\"position\":3,\"name\":\"Panel Japon\u00e9s Blanco\"}]},{\"@type\":\"WebSite\",\"@id\":\"https:\/\/persianasysolucionesya.com\/#website\",\"url\":\"https:\/\/persianasysolucionesya.com\/\",\"name\":\"Persianas y Soluciones\",\"description\":\"Just another WordPress site\",\"potentialAction\":[{\"@type\":\"SearchAction\",\"target\":{\"@type\":\"EntryPoint\",\"urlTemplate\":\"https:\/\/persianasysolucionesya.com\/?s={search_term_string}\"},\"query-input\":{\"@type\":\"PropertyValueSpecification\",\"valueRequired\":true,\"valueName\":\"search_term_string\"}}],\"inLanguage\":\"es-CO\"}]}<\/script>\n<!-- \/ Yoast SEO plugin. -->","yoast_head_json":{"title":"Panel Japon\u00e9s Blanco - Persianas y Soluciones","robots":{"index":"index","follow":"follow","max-snippet":"max-snippet:-1","max-image-preview":"max-image-preview:large","max-video-preview":"max-video-preview:-1"},"canonical":"https:\/\/persianasysolucionesya.com\/?product=panel-japones-blanco-2","og_locale":"es_ES","og_type":"article","og_title":"Panel Japon\u00e9s Blanco - Persianas y Soluciones","og_description":"Valor publicado del metro cuadrado. Env\u00edanos las medidas para darte un precio aproximado.\u00a0 La persiana panel japon\u00e9s es una excelente opci\u00f3n para aquellos que buscan un producto vers\u00e1til, elegante y f\u00e1cil de mantener. Con ella podr\u00e1s controlar la entrada de luz y la privacidad en tu hogar, reducir el ruido externo y darle un toque moderno a cualquier espacio.","og_url":"https:\/\/persianasysolucionesya.com\/?product=panel-japones-blanco-2","og_site_name":"Persianas y Soluciones","article_modified_time":"2023-02-22T18:01:48+00:00","og_image":[{"width":600,"height":500,"url":"https:\/\/persianasysolucionesya.com\/wp-content\/uploads\/2023\/02\/Panel-japones-Screen-Blanco_0.jpg","type":"image\/jpeg"}],"twitter_card":"summary_large_image","twitter_misc":{"Tiempo de lectura":"1 minuto"},"schema":{"@context":"https:\/\/schema.org","@graph":[{"@type":"WebPage","@id":"https:\/\/persianasysolucionesya.com\/?product=panel-japones-blanco-2","url":"https:\/\/persianasysolucionesya.com\/?product=panel-japones-blanco-2","name":"Panel Japon\u00e9s Blanco - Persianas y Soluciones","isPartOf":{"@id":"https:\/\/persianasysolucionesya.com\/#website"},"primaryImageOfPage":{"@id":"https:\/\/persianasysolucionesya.com\/?product=panel-japones-blanco-2#primaryimage"},"image":{"@id":"https:\/\/persianasysolucionesya.com\/?product=panel-japones-blanco-2#primaryimage"},"thumbnailUrl":"https:\/\/persianasysolucionesya.com\/wp-content\/uploads\/2023\/02\/Panel-japones-Screen-Blanco_0.jpg","datePublished":"2023-02-22T15:17:56+00:00","dateModified":"2023-02-22T18:01:48+00:00","breadcrumb":{"@id":"https:\/\/persianasysolucionesya.com\/?product=panel-japones-blanco-2#breadcrumb"},"inLanguage":"es-CO","potentialAction":[{"@type":"ReadAction","target":["https:\/\/persianasysolucionesya.com\/?product=panel-japones-blanco-2"]}]},{"@type":"ImageObject","inLanguage":"es-CO","@id":"https:\/\/persianasysolucionesya.com\/?product=panel-japones-blanco-2#primaryimage","url":"https:\/\/persianasysolucionesya.com\/wp-content\/uploads\/2023\/02\/Panel-japones-Screen-Blanco_0.jpg","contentUrl":"https:\/\/persianasysolucionesya.com\/wp-content\/uploads\/2023\/02\/Panel-japones-Screen-Blanco_0.jpg","width":600,"height":500},{"@type":"BreadcrumbList","@id":"https:\/\/persianasysolucionesya.com\/?product=panel-japones-blanco-2#breadcrumb","itemListElement":[{"@type":"ListItem","position":1,"name":"Home","item":"https:\/\/persianasysolucionesya.com\/"},{"@type":"ListItem","position":2,"name":"Tienda","item":"https:\/\/persianasysolucionesya.com\/?page_id=5"},{"@type":"ListItem","position":3,"name":"Panel Japon\u00e9s Blanco"}]},{"@type":"WebSite","@id":"https:\/\/persianasysolucionesya.com\/#website","url":"https:\/\/persianasysolucionesya.com\/","name":"Persianas y Soluciones","description":"Just another WordPress site","potentialAction":[{"@type":"SearchAction","target":{"@type":"EntryPoint","urlTemplate":"https:\/\/persianasysolucionesya.com\/?s={search_term_string}"},"query-input":{"@type":"PropertyValueSpecification","valueRequired":true,"valueName":"search_term_string"}}],"inLanguage":"es-CO"}]}},"_links":{"self":[{"href":"https:\/\/persianasysolucionesya.com\/index.php?rest_route=\/wp\/v2\/product\/3455","targetHints":{"allow":["GET"]}}],"collection":[{"href":"https:\/\/persianasysolucionesya.com\/index.php?rest_route=\/wp\/v2\/product"}],"about":[{"href":"https:\/\/persianasysolucionesya.com\/index.php?rest_route=\/wp\/v2\/types\/product"}],"replies":[{"embeddable":true,"href":"https:\/\/persianasysolucionesya.com\/index.php?rest_route=%2Fwp%2Fv2%2Fcomments&post=3455"}],"wp:featuredmedia":[{"embeddable":true,"href":"https:\/\/persianasysolucionesya.com\/index.php?rest_route=\/wp\/v2\/media\/3458"}],"wp:attachment":[{"href":"https:\/\/persianasysolucionesya.com\/index.php?rest_route=%2Fwp%2Fv2%2Fmedia&parent=3455"}],"wp:term":[{"taxonomy":"product_brand","embeddable":true,"href":"https:\/\/persianasysolucionesya.com\/index.php?rest_route=%2Fwp%2Fv2%2Fproduct_brand&post=3455"},{"taxonomy":"product_cat","embeddable":true,"href":"https:\/\/persianasysolucionesya.com\/index.php?rest_route=%2Fwp%2Fv2%2Fproduct_cat&post=3455"},{"taxonomy":"product_tag","embeddable":true,"href":"https:\/\/persianasysolucionesya.com\/index.php?rest_route=%2Fwp%2Fv2%2Fproduct_tag&post=3455"}],"curies":[{"name":"wp","href":"https:\/\/api.w.org\/{rel}","templated":true}]}}