{"id":3446,"date":"2023-02-22T14:57:12","date_gmt":"2023-02-22T14:57:12","guid":{"rendered":"https:\/\/persianasysolucionesya.com\/?post_type=product&#038;p=3446"},"modified":"2023-02-22T18:02:03","modified_gmt":"2023-02-22T18:02:03","slug":"persianas-verticales-crema","status":"publish","type":"product","link":"https:\/\/persianasysolucionesya.com\/?product=persianas-verticales-crema","title":{"rendered":"Persianas Verticales Crema"},"content":{"rendered":"<p>Las persianas verticales son una excelente opci\u00f3n para quienes buscan controlar la entrada de luz y privacidad en sus espacios. Estas persianas est\u00e1n dise\u00f1adas con lamas o listones verticales que se pueden ajustar para permitir la entrada de luz o bloquearla completamente, seg\u00fan sea necesario.<\/p>\n<p>Adem\u00e1s, las persianas verticales ofrecen diferentes tipos de apertura, lo que significa que pueden abrirse hacia la izquierda, hacia la derecha o incluso hacia las esquinas, lo que las hace muy vers\u00e1tiles y adaptables a cualquier espacio.<\/p>\n<p>Por otro lado, las persianas verticales tambi\u00e9n son una excelente opci\u00f3n est\u00e9tica para ventanales grandes y peque\u00f1os, ya que su dise\u00f1o vertical agrega un toque elegante y moderno a cualquier habitaci\u00f3n. Adem\u00e1s, al estar disponibles en una amplia variedad de materiales, colores y dise\u00f1os, es f\u00e1cil encontrar un estilo que se adapte a la decoraci\u00f3n de cualquier hogar.<\/p>\n","protected":false},"excerpt":{"rendered":"<p><strong>Valor publicado del metro cuadrado. Env\u00edanos las medidas para darte un precio aproximado<\/strong>\u00a0 Las persianas verticales son una excelente opci\u00f3n para controlar la entrada de luz y privacidad en tus espacios. Est\u00e1n dise\u00f1adas con lamas o listones verticales que se ajustan para permitir la entrada de luz o bloquearla por completo. Las persianas verticales ofrecen diferentes tipos de apertura y son una opci\u00f3n est\u00e9tica elegante y moderna para ventanales grandes y peque\u00f1os. Disponibles en una amplia variedad de materiales, colores y dise\u00f1os, las persianas verticales son una soluci\u00f3n pr\u00e1ctica y est\u00e9tica para cualquier hogar.<\/p>\n","protected":false},"featured_media":3448,"comment_status":"open","ping_status":"closed","template":"","meta":{"_joinchat":[]},"product_brand":[],"product_cat":[51],"product_tag":[],"class_list":{"0":"post-3446","1":"product","2":"type-product","3":"status-publish","4":"has-post-thumbnail","6":"product_cat-verticales","8":"first","9":"instock","10":"shipping-taxable","11":"purchasable","12":"product-type-simple"},"yoast_head":"<!-- This site is optimized with the Yoast SEO plugin v25.9 - https:\/\/yoast.com\/wordpress\/plugins\/seo\/ -->\n<title>Persianas Verticales Crema - Persianas y Soluciones<\/title>\n<meta name=\"robots\" content=\"index, follow, max-snippet:-1, max-image-preview:large, max-video-preview:-1\" \/>\n<link rel=\"canonical\" href=\"https:\/\/persianasysolucionesya.com\/?product=persianas-verticales-crema\" \/>\n<meta property=\"og:locale\" content=\"es_ES\" \/>\n<meta property=\"og:type\" content=\"article\" \/>\n<meta property=\"og:title\" content=\"Persianas Verticales Crema - Persianas y Soluciones\" \/>\n<meta property=\"og:description\" content=\"Valor publicado del metro cuadrado. Env\u00edanos las medidas para darte un precio aproximado\u00a0 Las persianas verticales son una excelente opci\u00f3n para controlar la entrada de luz y privacidad en tus espacios. Est\u00e1n dise\u00f1adas con lamas o listones verticales que se ajustan para permitir la entrada de luz o bloquearla por completo. Las persianas verticales ofrecen diferentes tipos de apertura y son una opci\u00f3n est\u00e9tica elegante y moderna para ventanales grandes y peque\u00f1os. Disponibles en una amplia variedad de materiales, colores y dise\u00f1os, las persianas verticales son una soluci\u00f3n pr\u00e1ctica y est\u00e9tica para cualquier hogar.\" \/>\n<meta property=\"og:url\" content=\"https:\/\/persianasysolucionesya.com\/?product=persianas-verticales-crema\" \/>\n<meta property=\"og:site_name\" content=\"Persianas y Soluciones\" \/>\n<meta property=\"article:modified_time\" content=\"2023-02-22T18:02:03+00:00\" \/>\n<meta property=\"og:image\" content=\"https:\/\/persianasysolucionesya.com\/wp-content\/uploads\/2023\/02\/verticales8.jpg\" \/>\n\t<meta property=\"og:image:width\" content=\"1500\" \/>\n\t<meta property=\"og:image:height\" content=\"900\" \/>\n\t<meta property=\"og:image:type\" content=\"image\/jpeg\" \/>\n<meta name=\"twitter:card\" content=\"summary_large_image\" \/>\n<meta name=\"twitter:label1\" content=\"Tiempo de lectura\" \/>\n\t<meta name=\"twitter:data1\" content=\"1 minuto\" \/>\n<script type=\"application\/ld+json\" class=\"yoast-schema-graph\">{\"@context\":\"https:\/\/schema.org\",\"@graph\":[{\"@type\":\"WebPage\",\"@id\":\"https:\/\/persianasysolucionesya.com\/?product=persianas-verticales-crema\",\"url\":\"https:\/\/persianasysolucionesya.com\/?product=persianas-verticales-crema\",\"name\":\"Persianas Verticales Crema - Persianas y Soluciones\",\"isPartOf\":{\"@id\":\"https:\/\/persianasysolucionesya.com\/#website\"},\"primaryImageOfPage\":{\"@id\":\"https:\/\/persianasysolucionesya.com\/?product=persianas-verticales-crema#primaryimage\"},\"image\":{\"@id\":\"https:\/\/persianasysolucionesya.com\/?product=persianas-verticales-crema#primaryimage\"},\"thumbnailUrl\":\"https:\/\/persianasysolucionesya.com\/wp-content\/uploads\/2023\/02\/verticales8.jpg\",\"datePublished\":\"2023-02-22T14:57:12+00:00\",\"dateModified\":\"2023-02-22T18:02:03+00:00\",\"breadcrumb\":{\"@id\":\"https:\/\/persianasysolucionesya.com\/?product=persianas-verticales-crema#breadcrumb\"},\"inLanguage\":\"es-CO\",\"potentialAction\":[{\"@type\":\"ReadAction\",\"target\":[\"https:\/\/persianasysolucionesya.com\/?product=persianas-verticales-crema\"]}]},{\"@type\":\"ImageObject\",\"inLanguage\":\"es-CO\",\"@id\":\"https:\/\/persianasysolucionesya.com\/?product=persianas-verticales-crema#primaryimage\",\"url\":\"https:\/\/persianasysolucionesya.com\/wp-content\/uploads\/2023\/02\/verticales8.jpg\",\"contentUrl\":\"https:\/\/persianasysolucionesya.com\/wp-content\/uploads\/2023\/02\/verticales8.jpg\",\"width\":1500,\"height\":900},{\"@type\":\"BreadcrumbList\",\"@id\":\"https:\/\/persianasysolucionesya.com\/?product=persianas-verticales-crema#breadcrumb\",\"itemListElement\":[{\"@type\":\"ListItem\",\"position\":1,\"name\":\"Home\",\"item\":\"https:\/\/persianasysolucionesya.com\/\"},{\"@type\":\"ListItem\",\"position\":2,\"name\":\"Tienda\",\"item\":\"https:\/\/persianasysolucionesya.com\/?page_id=5\"},{\"@type\":\"ListItem\",\"position\":3,\"name\":\"Persianas Verticales Crema\"}]},{\"@type\":\"WebSite\",\"@id\":\"https:\/\/persianasysolucionesya.com\/#website\",\"url\":\"https:\/\/persianasysolucionesya.com\/\",\"name\":\"Persianas y Soluciones\",\"description\":\"Just another WordPress site\",\"potentialAction\":[{\"@type\":\"SearchAction\",\"target\":{\"@type\":\"EntryPoint\",\"urlTemplate\":\"https:\/\/persianasysolucionesya.com\/?s={search_term_string}\"},\"query-input\":{\"@type\":\"PropertyValueSpecification\",\"valueRequired\":true,\"valueName\":\"search_term_string\"}}],\"inLanguage\":\"es-CO\"}]}<\/script>\n<!-- \/ Yoast SEO plugin. -->","yoast_head_json":{"title":"Persianas Verticales Crema - Persianas y Soluciones","robots":{"index":"index","follow":"follow","max-snippet":"max-snippet:-1","max-image-preview":"max-image-preview:large","max-video-preview":"max-video-preview:-1"},"canonical":"https:\/\/persianasysolucionesya.com\/?product=persianas-verticales-crema","og_locale":"es_ES","og_type":"article","og_title":"Persianas Verticales Crema - Persianas y Soluciones","og_description":"Valor publicado del metro cuadrado. Env\u00edanos las medidas para darte un precio aproximado\u00a0 Las persianas verticales son una excelente opci\u00f3n para controlar la entrada de luz y privacidad en tus espacios. Est\u00e1n dise\u00f1adas con lamas o listones verticales que se ajustan para permitir la entrada de luz o bloquearla por completo. Las persianas verticales ofrecen diferentes tipos de apertura y son una opci\u00f3n est\u00e9tica elegante y moderna para ventanales grandes y peque\u00f1os. Disponibles en una amplia variedad de materiales, colores y dise\u00f1os, las persianas verticales son una soluci\u00f3n pr\u00e1ctica y est\u00e9tica para cualquier hogar.","og_url":"https:\/\/persianasysolucionesya.com\/?product=persianas-verticales-crema","og_site_name":"Persianas y Soluciones","article_modified_time":"2023-02-22T18:02:03+00:00","og_image":[{"width":1500,"height":900,"url":"https:\/\/persianasysolucionesya.com\/wp-content\/uploads\/2023\/02\/verticales8.jpg","type":"image\/jpeg"}],"twitter_card":"summary_large_image","twitter_misc":{"Tiempo de lectura":"1 minuto"},"schema":{"@context":"https:\/\/schema.org","@graph":[{"@type":"WebPage","@id":"https:\/\/persianasysolucionesya.com\/?product=persianas-verticales-crema","url":"https:\/\/persianasysolucionesya.com\/?product=persianas-verticales-crema","name":"Persianas Verticales Crema - Persianas y Soluciones","isPartOf":{"@id":"https:\/\/persianasysolucionesya.com\/#website"},"primaryImageOfPage":{"@id":"https:\/\/persianasysolucionesya.com\/?product=persianas-verticales-crema#primaryimage"},"image":{"@id":"https:\/\/persianasysolucionesya.com\/?product=persianas-verticales-crema#primaryimage"},"thumbnailUrl":"https:\/\/persianasysolucionesya.com\/wp-content\/uploads\/2023\/02\/verticales8.jpg","datePublished":"2023-02-22T14:57:12+00:00","dateModified":"2023-02-22T18:02:03+00:00","breadcrumb":{"@id":"https:\/\/persianasysolucionesya.com\/?product=persianas-verticales-crema#breadcrumb"},"inLanguage":"es-CO","potentialAction":[{"@type":"ReadAction","target":["https:\/\/persianasysolucionesya.com\/?product=persianas-verticales-crema"]}]},{"@type":"ImageObject","inLanguage":"es-CO","@id":"https:\/\/persianasysolucionesya.com\/?product=persianas-verticales-crema#primaryimage","url":"https:\/\/persianasysolucionesya.com\/wp-content\/uploads\/2023\/02\/verticales8.jpg","contentUrl":"https:\/\/persianasysolucionesya.com\/wp-content\/uploads\/2023\/02\/verticales8.jpg","width":1500,"height":900},{"@type":"BreadcrumbList","@id":"https:\/\/persianasysolucionesya.com\/?product=persianas-verticales-crema#breadcrumb","itemListElement":[{"@type":"ListItem","position":1,"name":"Home","item":"https:\/\/persianasysolucionesya.com\/"},{"@type":"ListItem","position":2,"name":"Tienda","item":"https:\/\/persianasysolucionesya.com\/?page_id=5"},{"@type":"ListItem","position":3,"name":"Persianas Verticales Crema"}]},{"@type":"WebSite","@id":"https:\/\/persianasysolucionesya.com\/#website","url":"https:\/\/persianasysolucionesya.com\/","name":"Persianas y Soluciones","description":"Just another WordPress site","potentialAction":[{"@type":"SearchAction","target":{"@type":"EntryPoint","urlTemplate":"https:\/\/persianasysolucionesya.com\/?s={search_term_string}"},"query-input":{"@type":"PropertyValueSpecification","valueRequired":true,"valueName":"search_term_string"}}],"inLanguage":"es-CO"}]}},"_links":{"self":[{"href":"https:\/\/persianasysolucionesya.com\/index.php?rest_route=\/wp\/v2\/product\/3446","targetHints":{"allow":["GET"]}}],"collection":[{"href":"https:\/\/persianasysolucionesya.com\/index.php?rest_route=\/wp\/v2\/product"}],"about":[{"href":"https:\/\/persianasysolucionesya.com\/index.php?rest_route=\/wp\/v2\/types\/product"}],"replies":[{"embeddable":true,"href":"https:\/\/persianasysolucionesya.com\/index.php?rest_route=%2Fwp%2Fv2%2Fcomments&post=3446"}],"wp:featuredmedia":[{"embeddable":true,"href":"https:\/\/persianasysolucionesya.com\/index.php?rest_route=\/wp\/v2\/media\/3448"}],"wp:attachment":[{"href":"https:\/\/persianasysolucionesya.com\/index.php?rest_route=%2Fwp%2Fv2%2Fmedia&parent=3446"}],"wp:term":[{"taxonomy":"product_brand","embeddable":true,"href":"https:\/\/persianasysolucionesya.com\/index.php?rest_route=%2Fwp%2Fv2%2Fproduct_brand&post=3446"},{"taxonomy":"product_cat","embeddable":true,"href":"https:\/\/persianasysolucionesya.com\/index.php?rest_route=%2Fwp%2Fv2%2Fproduct_cat&post=3446"},{"taxonomy":"product_tag","embeddable":true,"href":"https:\/\/persianasysolucionesya.com\/index.php?rest_route=%2Fwp%2Fv2%2Fproduct_tag&post=3446"}],"curies":[{"name":"wp","href":"https:\/\/api.w.org\/{rel}","templated":true}]}}