{"id":3414,"date":"2023-02-21T16:00:40","date_gmt":"2023-02-21T16:00:40","guid":{"rendered":"https:\/\/persianasysolucionesya.com\/?post_type=product&#038;p=3414"},"modified":"2023-02-22T18:02:17","modified_gmt":"2023-02-22T18:02:17","slug":"blackout-enrollable-crema","status":"publish","type":"product","link":"https:\/\/persianasysolucionesya.com\/?product=blackout-enrollable-crema","title":{"rendered":"Blackout Enrollable Crema"},"content":{"rendered":"<p>El blackout enrollable es un tipo de cortina opaca que se utiliza para bloquear la luz solar y proporcionar privacidad en habitaciones como dormitorios o salas de cine en casa. Se enrolla f\u00e1cilmente y permite controlar la cantidad de luz que entra en la habitaci\u00f3n. Adem\u00e1s, tiene beneficios adicionales como el aislamiento t\u00e9rmico y la resistencia al agua y al polvo.<\/p>\n","protected":false},"excerpt":{"rendered":"<p>Valor publicado de METRO CUADRADO<strong> \u00a1 Fabricamos a la medida que necesites!<\/strong> .Si est\u00e1s buscando una forma efectiva de bloquear la luz solar y tener privacidad en tu hogar, no hay mejor opci\u00f3n que el blackout enrollable. Esta cortina opaca es muy f\u00e1cil de usar y te permite controlar la cantidad de luz que entra en tu habitaci\u00f3n en todo momento.<\/p>\n<p>Adem\u00e1s de su efectividad para bloquear la luz solar, el blackout enrollable tambi\u00e9n tiene beneficios adicionales como el aislamiento t\u00e9rmico, lo que significa que te ayudar\u00e1 a mantener tu hogar fresco en verano y c\u00e1lido en invierno. Tambi\u00e9n es resistente al agua y al polvo, lo que la hace f\u00e1cil de mantener y limpiar.<\/p>\n","protected":false},"featured_media":3415,"comment_status":"open","ping_status":"closed","template":"","meta":{"_joinchat":[]},"product_brand":[],"product_cat":[54],"product_tag":[],"class_list":{"0":"post-3414","1":"product","2":"type-product","3":"status-publish","4":"has-post-thumbnail","6":"product_cat-enrollables","8":"first","9":"instock","10":"shipping-taxable","11":"purchasable","12":"product-type-simple"},"yoast_head":"<!-- This site is optimized with the Yoast SEO plugin v25.9 - https:\/\/yoast.com\/wordpress\/plugins\/seo\/ -->\n<title>Blackout Enrollable Crema - Persianas y Soluciones<\/title>\n<meta name=\"robots\" content=\"index, follow, max-snippet:-1, max-image-preview:large, max-video-preview:-1\" \/>\n<link rel=\"canonical\" href=\"https:\/\/persianasysolucionesya.com\/?product=blackout-enrollable-crema\" \/>\n<meta property=\"og:locale\" content=\"es_ES\" \/>\n<meta property=\"og:type\" content=\"article\" \/>\n<meta property=\"og:title\" content=\"Blackout Enrollable Crema - Persianas y Soluciones\" \/>\n<meta property=\"og:description\" content=\"Valor publicado de METRO CUADRADO \u00a1 Fabricamos a la medida que necesites! .Si est\u00e1s buscando una forma efectiva de bloquear la luz solar y tener privacidad en tu hogar, no hay mejor opci\u00f3n que el blackout enrollable. Esta cortina opaca es muy f\u00e1cil de usar y te permite controlar la cantidad de luz que entra en tu habitaci\u00f3n en todo momento.  Adem\u00e1s de su efectividad para bloquear la luz solar, el blackout enrollable tambi\u00e9n tiene beneficios adicionales como el aislamiento t\u00e9rmico, lo que significa que te ayudar\u00e1 a mantener tu hogar fresco en verano y c\u00e1lido en invierno. Tambi\u00e9n es resistente al agua y al polvo, lo que la hace f\u00e1cil de mantener y limpiar.\" \/>\n<meta property=\"og:url\" content=\"https:\/\/persianasysolucionesya.com\/?product=blackout-enrollable-crema\" \/>\n<meta property=\"og:site_name\" content=\"Persianas y Soluciones\" \/>\n<meta property=\"article:modified_time\" content=\"2023-02-22T18:02:17+00:00\" \/>\n<meta property=\"og:image\" content=\"https:\/\/persianasysolucionesya.com\/wp-content\/uploads\/2023\/02\/BO-CREMA.jpg\" \/>\n\t<meta property=\"og:image:width\" content=\"500\" \/>\n\t<meta property=\"og:image:height\" content=\"500\" \/>\n\t<meta property=\"og:image:type\" content=\"image\/jpeg\" \/>\n<meta name=\"twitter:card\" content=\"summary_large_image\" \/>\n<meta name=\"twitter:label1\" content=\"Tiempo de lectura\" \/>\n\t<meta name=\"twitter:data1\" content=\"1 minuto\" \/>\n<script type=\"application\/ld+json\" class=\"yoast-schema-graph\">{\"@context\":\"https:\/\/schema.org\",\"@graph\":[{\"@type\":\"WebPage\",\"@id\":\"https:\/\/persianasysolucionesya.com\/?product=blackout-enrollable-crema\",\"url\":\"https:\/\/persianasysolucionesya.com\/?product=blackout-enrollable-crema\",\"name\":\"Blackout Enrollable Crema - Persianas y Soluciones\",\"isPartOf\":{\"@id\":\"https:\/\/persianasysolucionesya.com\/#website\"},\"primaryImageOfPage\":{\"@id\":\"https:\/\/persianasysolucionesya.com\/?product=blackout-enrollable-crema#primaryimage\"},\"image\":{\"@id\":\"https:\/\/persianasysolucionesya.com\/?product=blackout-enrollable-crema#primaryimage\"},\"thumbnailUrl\":\"https:\/\/persianasysolucionesya.com\/wp-content\/uploads\/2023\/02\/BO-CREMA.jpg\",\"datePublished\":\"2023-02-21T16:00:40+00:00\",\"dateModified\":\"2023-02-22T18:02:17+00:00\",\"breadcrumb\":{\"@id\":\"https:\/\/persianasysolucionesya.com\/?product=blackout-enrollable-crema#breadcrumb\"},\"inLanguage\":\"es-CO\",\"potentialAction\":[{\"@type\":\"ReadAction\",\"target\":[\"https:\/\/persianasysolucionesya.com\/?product=blackout-enrollable-crema\"]}]},{\"@type\":\"ImageObject\",\"inLanguage\":\"es-CO\",\"@id\":\"https:\/\/persianasysolucionesya.com\/?product=blackout-enrollable-crema#primaryimage\",\"url\":\"https:\/\/persianasysolucionesya.com\/wp-content\/uploads\/2023\/02\/BO-CREMA.jpg\",\"contentUrl\":\"https:\/\/persianasysolucionesya.com\/wp-content\/uploads\/2023\/02\/BO-CREMA.jpg\",\"width\":500,\"height\":500},{\"@type\":\"BreadcrumbList\",\"@id\":\"https:\/\/persianasysolucionesya.com\/?product=blackout-enrollable-crema#breadcrumb\",\"itemListElement\":[{\"@type\":\"ListItem\",\"position\":1,\"name\":\"Home\",\"item\":\"https:\/\/persianasysolucionesya.com\/\"},{\"@type\":\"ListItem\",\"position\":2,\"name\":\"Tienda\",\"item\":\"https:\/\/persianasysolucionesya.com\/?page_id=5\"},{\"@type\":\"ListItem\",\"position\":3,\"name\":\"Blackout Enrollable Crema\"}]},{\"@type\":\"WebSite\",\"@id\":\"https:\/\/persianasysolucionesya.com\/#website\",\"url\":\"https:\/\/persianasysolucionesya.com\/\",\"name\":\"Persianas y Soluciones\",\"description\":\"Just another WordPress site\",\"potentialAction\":[{\"@type\":\"SearchAction\",\"target\":{\"@type\":\"EntryPoint\",\"urlTemplate\":\"https:\/\/persianasysolucionesya.com\/?s={search_term_string}\"},\"query-input\":{\"@type\":\"PropertyValueSpecification\",\"valueRequired\":true,\"valueName\":\"search_term_string\"}}],\"inLanguage\":\"es-CO\"}]}<\/script>\n<!-- \/ Yoast SEO plugin. -->","yoast_head_json":{"title":"Blackout Enrollable Crema - Persianas y Soluciones","robots":{"index":"index","follow":"follow","max-snippet":"max-snippet:-1","max-image-preview":"max-image-preview:large","max-video-preview":"max-video-preview:-1"},"canonical":"https:\/\/persianasysolucionesya.com\/?product=blackout-enrollable-crema","og_locale":"es_ES","og_type":"article","og_title":"Blackout Enrollable Crema - Persianas y Soluciones","og_description":"Valor publicado de METRO CUADRADO \u00a1 Fabricamos a la medida que necesites! .Si est\u00e1s buscando una forma efectiva de bloquear la luz solar y tener privacidad en tu hogar, no hay mejor opci\u00f3n que el blackout enrollable. Esta cortina opaca es muy f\u00e1cil de usar y te permite controlar la cantidad de luz que entra en tu habitaci\u00f3n en todo momento.  Adem\u00e1s de su efectividad para bloquear la luz solar, el blackout enrollable tambi\u00e9n tiene beneficios adicionales como el aislamiento t\u00e9rmico, lo que significa que te ayudar\u00e1 a mantener tu hogar fresco en verano y c\u00e1lido en invierno. Tambi\u00e9n es resistente al agua y al polvo, lo que la hace f\u00e1cil de mantener y limpiar.","og_url":"https:\/\/persianasysolucionesya.com\/?product=blackout-enrollable-crema","og_site_name":"Persianas y Soluciones","article_modified_time":"2023-02-22T18:02:17+00:00","og_image":[{"width":500,"height":500,"url":"https:\/\/persianasysolucionesya.com\/wp-content\/uploads\/2023\/02\/BO-CREMA.jpg","type":"image\/jpeg"}],"twitter_card":"summary_large_image","twitter_misc":{"Tiempo de lectura":"1 minuto"},"schema":{"@context":"https:\/\/schema.org","@graph":[{"@type":"WebPage","@id":"https:\/\/persianasysolucionesya.com\/?product=blackout-enrollable-crema","url":"https:\/\/persianasysolucionesya.com\/?product=blackout-enrollable-crema","name":"Blackout Enrollable Crema - Persianas y Soluciones","isPartOf":{"@id":"https:\/\/persianasysolucionesya.com\/#website"},"primaryImageOfPage":{"@id":"https:\/\/persianasysolucionesya.com\/?product=blackout-enrollable-crema#primaryimage"},"image":{"@id":"https:\/\/persianasysolucionesya.com\/?product=blackout-enrollable-crema#primaryimage"},"thumbnailUrl":"https:\/\/persianasysolucionesya.com\/wp-content\/uploads\/2023\/02\/BO-CREMA.jpg","datePublished":"2023-02-21T16:00:40+00:00","dateModified":"2023-02-22T18:02:17+00:00","breadcrumb":{"@id":"https:\/\/persianasysolucionesya.com\/?product=blackout-enrollable-crema#breadcrumb"},"inLanguage":"es-CO","potentialAction":[{"@type":"ReadAction","target":["https:\/\/persianasysolucionesya.com\/?product=blackout-enrollable-crema"]}]},{"@type":"ImageObject","inLanguage":"es-CO","@id":"https:\/\/persianasysolucionesya.com\/?product=blackout-enrollable-crema#primaryimage","url":"https:\/\/persianasysolucionesya.com\/wp-content\/uploads\/2023\/02\/BO-CREMA.jpg","contentUrl":"https:\/\/persianasysolucionesya.com\/wp-content\/uploads\/2023\/02\/BO-CREMA.jpg","width":500,"height":500},{"@type":"BreadcrumbList","@id":"https:\/\/persianasysolucionesya.com\/?product=blackout-enrollable-crema#breadcrumb","itemListElement":[{"@type":"ListItem","position":1,"name":"Home","item":"https:\/\/persianasysolucionesya.com\/"},{"@type":"ListItem","position":2,"name":"Tienda","item":"https:\/\/persianasysolucionesya.com\/?page_id=5"},{"@type":"ListItem","position":3,"name":"Blackout Enrollable Crema"}]},{"@type":"WebSite","@id":"https:\/\/persianasysolucionesya.com\/#website","url":"https:\/\/persianasysolucionesya.com\/","name":"Persianas y Soluciones","description":"Just another WordPress site","potentialAction":[{"@type":"SearchAction","target":{"@type":"EntryPoint","urlTemplate":"https:\/\/persianasysolucionesya.com\/?s={search_term_string}"},"query-input":{"@type":"PropertyValueSpecification","valueRequired":true,"valueName":"search_term_string"}}],"inLanguage":"es-CO"}]}},"_links":{"self":[{"href":"https:\/\/persianasysolucionesya.com\/index.php?rest_route=\/wp\/v2\/product\/3414","targetHints":{"allow":["GET"]}}],"collection":[{"href":"https:\/\/persianasysolucionesya.com\/index.php?rest_route=\/wp\/v2\/product"}],"about":[{"href":"https:\/\/persianasysolucionesya.com\/index.php?rest_route=\/wp\/v2\/types\/product"}],"replies":[{"embeddable":true,"href":"https:\/\/persianasysolucionesya.com\/index.php?rest_route=%2Fwp%2Fv2%2Fcomments&post=3414"}],"wp:featuredmedia":[{"embeddable":true,"href":"https:\/\/persianasysolucionesya.com\/index.php?rest_route=\/wp\/v2\/media\/3415"}],"wp:attachment":[{"href":"https:\/\/persianasysolucionesya.com\/index.php?rest_route=%2Fwp%2Fv2%2Fmedia&parent=3414"}],"wp:term":[{"taxonomy":"product_brand","embeddable":true,"href":"https:\/\/persianasysolucionesya.com\/index.php?rest_route=%2Fwp%2Fv2%2Fproduct_brand&post=3414"},{"taxonomy":"product_cat","embeddable":true,"href":"https:\/\/persianasysolucionesya.com\/index.php?rest_route=%2Fwp%2Fv2%2Fproduct_cat&post=3414"},{"taxonomy":"product_tag","embeddable":true,"href":"https:\/\/persianasysolucionesya.com\/index.php?rest_route=%2Fwp%2Fv2%2Fproduct_tag&post=3414"}],"curies":[{"name":"wp","href":"https:\/\/api.w.org\/{rel}","templated":true}]}}