{"id":3387,"date":"2023-02-21T14:24:09","date_gmt":"2023-02-21T14:24:09","guid":{"rendered":"https:\/\/persianasysolucionesya.com\/?post_type=product&#038;p=3387"},"modified":"2023-02-22T18:02:28","modified_gmt":"2023-02-22T18:02:28","slug":"persianas-exteriores-proteccion-agua","status":"publish","type":"product","link":"https:\/\/persianasysolucionesya.com\/?product=persianas-exteriores-proteccion-agua","title":{"rendered":"Persianas Exteriores | Protecci\u00f3n agua"},"content":{"rendered":"<p>Las persianas para exteriores son un tipo de sistema de cubierta o protecci\u00f3n para ventanas o puertas que se utilizan en el exterior de un edificio o vivienda. Son una alternativa a las cortinas o persianas interiores y ofrecen una mayor protecci\u00f3n contra los elementos clim\u00e1ticos como la lluvia, el sol y el viento. Adem\u00e1s, tambi\u00e9n pueden proporcionar privacidad y seguridad.<\/p>\n","protected":false},"excerpt":{"rendered":"<p>Valor publicado del metro cuadrado. <strong>\u00a1Fabricamos a la medida que necesites! <\/strong>Protecci\u00f3n contra la lluvia. Bloquea rayos solares. Cuida decoraci\u00f3n del exterior como muebles y permite ver hacia el exterior.<\/p>\n","protected":false},"featured_media":3388,"comment_status":"open","ping_status":"closed","template":"","meta":{"_joinchat":[]},"product_brand":[],"product_cat":[53],"product_tag":[],"class_list":{"0":"post-3387","1":"product","2":"type-product","3":"status-publish","4":"has-post-thumbnail","6":"product_cat-toldos","8":"first","9":"instock","10":"shipping-taxable","11":"purchasable","12":"product-type-simple"},"yoast_head":"<!-- This site is optimized with the Yoast SEO plugin v25.9 - https:\/\/yoast.com\/wordpress\/plugins\/seo\/ -->\n<title>Persianas Exteriores | Protecci\u00f3n agua - Persianas y Soluciones<\/title>\n<meta name=\"robots\" content=\"index, follow, max-snippet:-1, max-image-preview:large, max-video-preview:-1\" \/>\n<link rel=\"canonical\" href=\"https:\/\/persianasysolucionesya.com\/?product=persianas-exteriores-proteccion-agua\" \/>\n<meta property=\"og:locale\" content=\"es_ES\" \/>\n<meta property=\"og:type\" content=\"article\" \/>\n<meta property=\"og:title\" content=\"Persianas Exteriores | Protecci\u00f3n agua - Persianas y Soluciones\" \/>\n<meta property=\"og:description\" content=\"Valor publicado del metro cuadrado. \u00a1Fabricamos a la medida que necesites! Protecci\u00f3n contra la lluvia. Bloquea rayos solares. Cuida decoraci\u00f3n del exterior como muebles y permite ver hacia el exterior.\" \/>\n<meta property=\"og:url\" content=\"https:\/\/persianasysolucionesya.com\/?product=persianas-exteriores-proteccion-agua\" \/>\n<meta property=\"og:site_name\" content=\"Persianas y Soluciones\" \/>\n<meta property=\"article:modified_time\" content=\"2023-02-22T18:02:28+00:00\" \/>\n<meta property=\"og:image\" content=\"https:\/\/persianasysolucionesya.com\/wp-content\/uploads\/2023\/02\/AW_005_00.jpg\" \/>\n\t<meta property=\"og:image:width\" content=\"1500\" \/>\n\t<meta property=\"og:image:height\" content=\"1125\" \/>\n\t<meta property=\"og:image:type\" content=\"image\/jpeg\" \/>\n<meta name=\"twitter:card\" content=\"summary_large_image\" \/>\n<meta name=\"twitter:label1\" content=\"Tiempo de lectura\" \/>\n\t<meta name=\"twitter:data1\" content=\"1 minuto\" \/>\n<script type=\"application\/ld+json\" class=\"yoast-schema-graph\">{\"@context\":\"https:\/\/schema.org\",\"@graph\":[{\"@type\":\"WebPage\",\"@id\":\"https:\/\/persianasysolucionesya.com\/?product=persianas-exteriores-proteccion-agua\",\"url\":\"https:\/\/persianasysolucionesya.com\/?product=persianas-exteriores-proteccion-agua\",\"name\":\"Persianas Exteriores | Protecci\u00f3n agua - Persianas y Soluciones\",\"isPartOf\":{\"@id\":\"https:\/\/persianasysolucionesya.com\/#website\"},\"primaryImageOfPage\":{\"@id\":\"https:\/\/persianasysolucionesya.com\/?product=persianas-exteriores-proteccion-agua#primaryimage\"},\"image\":{\"@id\":\"https:\/\/persianasysolucionesya.com\/?product=persianas-exteriores-proteccion-agua#primaryimage\"},\"thumbnailUrl\":\"https:\/\/persianasysolucionesya.com\/wp-content\/uploads\/2023\/02\/AW_005_00.jpg\",\"datePublished\":\"2023-02-21T14:24:09+00:00\",\"dateModified\":\"2023-02-22T18:02:28+00:00\",\"breadcrumb\":{\"@id\":\"https:\/\/persianasysolucionesya.com\/?product=persianas-exteriores-proteccion-agua#breadcrumb\"},\"inLanguage\":\"es-CO\",\"potentialAction\":[{\"@type\":\"ReadAction\",\"target\":[\"https:\/\/persianasysolucionesya.com\/?product=persianas-exteriores-proteccion-agua\"]}]},{\"@type\":\"ImageObject\",\"inLanguage\":\"es-CO\",\"@id\":\"https:\/\/persianasysolucionesya.com\/?product=persianas-exteriores-proteccion-agua#primaryimage\",\"url\":\"https:\/\/persianasysolucionesya.com\/wp-content\/uploads\/2023\/02\/AW_005_00.jpg\",\"contentUrl\":\"https:\/\/persianasysolucionesya.com\/wp-content\/uploads\/2023\/02\/AW_005_00.jpg\",\"width\":1500,\"height\":1125},{\"@type\":\"BreadcrumbList\",\"@id\":\"https:\/\/persianasysolucionesya.com\/?product=persianas-exteriores-proteccion-agua#breadcrumb\",\"itemListElement\":[{\"@type\":\"ListItem\",\"position\":1,\"name\":\"Home\",\"item\":\"https:\/\/persianasysolucionesya.com\/\"},{\"@type\":\"ListItem\",\"position\":2,\"name\":\"Tienda\",\"item\":\"https:\/\/persianasysolucionesya.com\/?page_id=5\"},{\"@type\":\"ListItem\",\"position\":3,\"name\":\"Persianas Exteriores | Protecci\u00f3n agua\"}]},{\"@type\":\"WebSite\",\"@id\":\"https:\/\/persianasysolucionesya.com\/#website\",\"url\":\"https:\/\/persianasysolucionesya.com\/\",\"name\":\"Persianas y Soluciones\",\"description\":\"Just another WordPress site\",\"potentialAction\":[{\"@type\":\"SearchAction\",\"target\":{\"@type\":\"EntryPoint\",\"urlTemplate\":\"https:\/\/persianasysolucionesya.com\/?s={search_term_string}\"},\"query-input\":{\"@type\":\"PropertyValueSpecification\",\"valueRequired\":true,\"valueName\":\"search_term_string\"}}],\"inLanguage\":\"es-CO\"}]}<\/script>\n<!-- \/ Yoast SEO plugin. -->","yoast_head_json":{"title":"Persianas Exteriores | Protecci\u00f3n agua - Persianas y Soluciones","robots":{"index":"index","follow":"follow","max-snippet":"max-snippet:-1","max-image-preview":"max-image-preview:large","max-video-preview":"max-video-preview:-1"},"canonical":"https:\/\/persianasysolucionesya.com\/?product=persianas-exteriores-proteccion-agua","og_locale":"es_ES","og_type":"article","og_title":"Persianas Exteriores | Protecci\u00f3n agua - Persianas y Soluciones","og_description":"Valor publicado del metro cuadrado. \u00a1Fabricamos a la medida que necesites! Protecci\u00f3n contra la lluvia. Bloquea rayos solares. Cuida decoraci\u00f3n del exterior como muebles y permite ver hacia el exterior.","og_url":"https:\/\/persianasysolucionesya.com\/?product=persianas-exteriores-proteccion-agua","og_site_name":"Persianas y Soluciones","article_modified_time":"2023-02-22T18:02:28+00:00","og_image":[{"width":1500,"height":1125,"url":"https:\/\/persianasysolucionesya.com\/wp-content\/uploads\/2023\/02\/AW_005_00.jpg","type":"image\/jpeg"}],"twitter_card":"summary_large_image","twitter_misc":{"Tiempo de lectura":"1 minuto"},"schema":{"@context":"https:\/\/schema.org","@graph":[{"@type":"WebPage","@id":"https:\/\/persianasysolucionesya.com\/?product=persianas-exteriores-proteccion-agua","url":"https:\/\/persianasysolucionesya.com\/?product=persianas-exteriores-proteccion-agua","name":"Persianas Exteriores | Protecci\u00f3n agua - Persianas y Soluciones","isPartOf":{"@id":"https:\/\/persianasysolucionesya.com\/#website"},"primaryImageOfPage":{"@id":"https:\/\/persianasysolucionesya.com\/?product=persianas-exteriores-proteccion-agua#primaryimage"},"image":{"@id":"https:\/\/persianasysolucionesya.com\/?product=persianas-exteriores-proteccion-agua#primaryimage"},"thumbnailUrl":"https:\/\/persianasysolucionesya.com\/wp-content\/uploads\/2023\/02\/AW_005_00.jpg","datePublished":"2023-02-21T14:24:09+00:00","dateModified":"2023-02-22T18:02:28+00:00","breadcrumb":{"@id":"https:\/\/persianasysolucionesya.com\/?product=persianas-exteriores-proteccion-agua#breadcrumb"},"inLanguage":"es-CO","potentialAction":[{"@type":"ReadAction","target":["https:\/\/persianasysolucionesya.com\/?product=persianas-exteriores-proteccion-agua"]}]},{"@type":"ImageObject","inLanguage":"es-CO","@id":"https:\/\/persianasysolucionesya.com\/?product=persianas-exteriores-proteccion-agua#primaryimage","url":"https:\/\/persianasysolucionesya.com\/wp-content\/uploads\/2023\/02\/AW_005_00.jpg","contentUrl":"https:\/\/persianasysolucionesya.com\/wp-content\/uploads\/2023\/02\/AW_005_00.jpg","width":1500,"height":1125},{"@type":"BreadcrumbList","@id":"https:\/\/persianasysolucionesya.com\/?product=persianas-exteriores-proteccion-agua#breadcrumb","itemListElement":[{"@type":"ListItem","position":1,"name":"Home","item":"https:\/\/persianasysolucionesya.com\/"},{"@type":"ListItem","position":2,"name":"Tienda","item":"https:\/\/persianasysolucionesya.com\/?page_id=5"},{"@type":"ListItem","position":3,"name":"Persianas Exteriores | Protecci\u00f3n agua"}]},{"@type":"WebSite","@id":"https:\/\/persianasysolucionesya.com\/#website","url":"https:\/\/persianasysolucionesya.com\/","name":"Persianas y Soluciones","description":"Just another WordPress site","potentialAction":[{"@type":"SearchAction","target":{"@type":"EntryPoint","urlTemplate":"https:\/\/persianasysolucionesya.com\/?s={search_term_string}"},"query-input":{"@type":"PropertyValueSpecification","valueRequired":true,"valueName":"search_term_string"}}],"inLanguage":"es-CO"}]}},"_links":{"self":[{"href":"https:\/\/persianasysolucionesya.com\/index.php?rest_route=\/wp\/v2\/product\/3387","targetHints":{"allow":["GET"]}}],"collection":[{"href":"https:\/\/persianasysolucionesya.com\/index.php?rest_route=\/wp\/v2\/product"}],"about":[{"href":"https:\/\/persianasysolucionesya.com\/index.php?rest_route=\/wp\/v2\/types\/product"}],"replies":[{"embeddable":true,"href":"https:\/\/persianasysolucionesya.com\/index.php?rest_route=%2Fwp%2Fv2%2Fcomments&post=3387"}],"wp:featuredmedia":[{"embeddable":true,"href":"https:\/\/persianasysolucionesya.com\/index.php?rest_route=\/wp\/v2\/media\/3388"}],"wp:attachment":[{"href":"https:\/\/persianasysolucionesya.com\/index.php?rest_route=%2Fwp%2Fv2%2Fmedia&parent=3387"}],"wp:term":[{"taxonomy":"product_brand","embeddable":true,"href":"https:\/\/persianasysolucionesya.com\/index.php?rest_route=%2Fwp%2Fv2%2Fproduct_brand&post=3387"},{"taxonomy":"product_cat","embeddable":true,"href":"https:\/\/persianasysolucionesya.com\/index.php?rest_route=%2Fwp%2Fv2%2Fproduct_cat&post=3387"},{"taxonomy":"product_tag","embeddable":true,"href":"https:\/\/persianasysolucionesya.com\/index.php?rest_route=%2Fwp%2Fv2%2Fproduct_tag&post=3387"}],"curies":[{"name":"wp","href":"https:\/\/api.w.org\/{rel}","templated":true}]}}