{"id":3249,"date":"2022-08-26T13:03:10","date_gmt":"2022-08-26T13:03:10","guid":{"rendered":"https:\/\/persianasysolucionesya.com\/?page_id=3249"},"modified":"2022-08-28T13:46:03","modified_gmt":"2022-08-28T13:46:03","slug":"para-la-sala","status":"publish","type":"page","link":"https:\/\/persianasysolucionesya.com\/?page_id=3249","title":{"rendered":"Persianas para Sala"},"content":{"rendered":"\t\t<div data-elementor-type=\"wp-page\" data-elementor-id=\"3249\" class=\"elementor elementor-3249\">\n\t\t\t\t\t\t<section class=\"elementor-section elementor-top-section elementor-element elementor-element-674d8a56 elementor-section-content-middle elementor-section-boxed elementor-section-height-default elementor-section-height-default\" data-id=\"674d8a56\" data-element_type=\"section\" data-settings=\"{&quot;background_background&quot;:&quot;gradient&quot;}\">\n\t\t\t\t\t\t<div class=\"elementor-container elementor-column-gap-no\">\n\t\t\t\t\t<div class=\"elementor-column elementor-col-100 elementor-top-column elementor-element elementor-element-3db214c\" data-id=\"3db214c\" data-element_type=\"column\">\n\t\t\t<div class=\"elementor-widget-wrap elementor-element-populated\">\n\t\t\t\t\t\t<div class=\"elementor-element elementor-element-1feb65de elementor-widget elementor-widget-heading\" data-id=\"1feb65de\" data-element_type=\"widget\" data-widget_type=\"heading.default\">\n\t\t\t\t<div class=\"elementor-widget-container\">\n\t\t\t\t\t<h4 class=\"elementor-heading-title elementor-size-default\">Persianas para la Sala<\/h4>\t\t\t\t<\/div>\n\t\t\t\t<\/div>\n\t\t\t\t<div class=\"elementor-element elementor-element-2aced080 elementor-widget elementor-widget-heading\" data-id=\"2aced080\" data-element_type=\"widget\" data-widget_type=\"heading.default\">\n\t\t\t\t<div class=\"elementor-widget-container\">\n\t\t\t\t\t<h5 class=\"elementor-heading-title elementor-size-default\"><span id=\"docs-internal-guid-5621d021-7fff-5bf2-0205-74ecc059621e\"><p dir=\"ltr\" style=\"line-height:1.38;margin-top:0pt;margin-bottom:0pt\"><font face=\"Arial\"><span style=\"font-size: 20.6667px\"><b>Te ofrecemos las mejores opciones para tu Sala o espacios sociales. Te brindan iluminaci\u00f3n y te protegen de rayos solares. Estilos elegantes y est\u00e9ticos para tu hogar.<\/b><\/span><\/font><\/p><\/span><\/h5>\t\t\t\t<\/div>\n\t\t\t\t<\/div>\n\t\t\t\t<section class=\"elementor-section elementor-inner-section elementor-element elementor-element-514ca8af elementor-section-content-middle elementor-section-boxed elementor-section-height-default elementor-section-height-default\" data-id=\"514ca8af\" data-element_type=\"section\">\n\t\t\t\t\t\t<div class=\"elementor-container elementor-column-gap-no\">\n\t\t\t\t\t<div class=\"elementor-column elementor-col-100 elementor-inner-column elementor-element elementor-element-18714381\" data-id=\"18714381\" data-element_type=\"column\">\n\t\t\t<div class=\"elementor-widget-wrap elementor-element-populated\">\n\t\t\t\t\t\t<div class=\"elementor-element elementor-element-2a9be849 elementor-position-top elementor-widget elementor-widget-image-box\" data-id=\"2a9be849\" data-element_type=\"widget\" data-widget_type=\"image-box.default\">\n\t\t\t\t<div class=\"elementor-widget-container\">\n\t\t\t\t\t<div class=\"elementor-image-box-wrapper\"><figure class=\"elementor-image-box-img\"><a href=\"https:\/\/api.whatsapp.com\/send?phone=+573128466961&#038;text=%C2%A1Deseo%20asesor%C3%ADa%20en%20Persiana%20Vertical!\" target=\"_blank\" tabindex=\"-1\"><img fetchpriority=\"high\" decoding=\"async\" width=\"1125\" height=\"768\" src=\"https:\/\/persianasysolucionesya.com\/wp-content\/uploads\/2021\/08\/verticales-blancas.jpg\" class=\"attachment-full size-full wp-image-2957\" alt=\"\" srcset=\"https:\/\/persianasysolucionesya.com\/wp-content\/uploads\/2021\/08\/verticales-blancas.jpg 1125w, https:\/\/persianasysolucionesya.com\/wp-content\/uploads\/2021\/08\/verticales-blancas-300x205.jpg 300w, https:\/\/persianasysolucionesya.com\/wp-content\/uploads\/2021\/08\/verticales-blancas-1024x699.jpg 1024w, https:\/\/persianasysolucionesya.com\/wp-content\/uploads\/2021\/08\/verticales-blancas-768x524.jpg 768w, https:\/\/persianasysolucionesya.com\/wp-content\/uploads\/2021\/08\/verticales-blancas-600x410.jpg 600w\" sizes=\"(max-width: 1125px) 100vw, 1125px\" \/><\/a><\/figure><div class=\"elementor-image-box-content\"><h3 class=\"elementor-image-box-title\"><a href=\"https:\/\/api.whatsapp.com\/send?phone=+573128466961&#038;text=%C2%A1Deseo%20asesor%C3%ADa%20en%20Persiana%20Vertical!\" target=\"_blank\">Persiana Vertical<\/a><\/h3><p class=\"elementor-image-box-description\">Persiana vertical de lamas de 9cm giran hasta 180\u00b0 pROTECCI\u00d3N DE RAYOS SOLARES. BRINDAN PRIVACIDAD. TRASLUCIDAS. ESPECIAL PARA VENTANALES O VENTANAS DE GRANDE DIMENSI\u00d3N.<\/p><\/div><\/div>\t\t\t\t<\/div>\n\t\t\t\t<\/div>\n\t\t\t\t<div class=\"elementor-element elementor-element-255db45a elementor-position-top elementor-widget elementor-widget-image-box\" data-id=\"255db45a\" data-element_type=\"widget\" data-widget_type=\"image-box.default\">\n\t\t\t\t<div class=\"elementor-widget-container\">\n\t\t\t\t\t<div class=\"elementor-image-box-wrapper\"><figure class=\"elementor-image-box-img\"><a href=\"https:\/\/api.whatsapp.com\/send?phone=+573128466961&#038;text=%C2%A1Deseo%20asesor%C3%ADa%20en%20Persiana%20Panel%20Japon%C3%A9s!\" tabindex=\"-1\"><img decoding=\"async\" width=\"960\" height=\"960\" src=\"https:\/\/persianasysolucionesya.com\/wp-content\/uploads\/2017\/12\/panel-japones1.jpg\" class=\"attachment-full size-full wp-image-2924\" alt=\"\" srcset=\"https:\/\/persianasysolucionesya.com\/wp-content\/uploads\/2017\/12\/panel-japones1.jpg 960w, https:\/\/persianasysolucionesya.com\/wp-content\/uploads\/2017\/12\/panel-japones1-300x300.jpg 300w, https:\/\/persianasysolucionesya.com\/wp-content\/uploads\/2017\/12\/panel-japones1-150x150.jpg 150w, https:\/\/persianasysolucionesya.com\/wp-content\/uploads\/2017\/12\/panel-japones1-768x768.jpg 768w, https:\/\/persianasysolucionesya.com\/wp-content\/uploads\/2017\/12\/panel-japones1-600x600.jpg 600w, https:\/\/persianasysolucionesya.com\/wp-content\/uploads\/2017\/12\/panel-japones1-100x100.jpg 100w\" sizes=\"(max-width: 960px) 100vw, 960px\" \/><\/a><\/figure><div class=\"elementor-image-box-content\"><h3 class=\"elementor-image-box-title\"><a href=\"https:\/\/api.whatsapp.com\/send?phone=+573128466961&#038;text=%C2%A1Deseo%20asesor%C3%ADa%20en%20Persiana%20Panel%20Japon%C3%A9s!\">Panel Japon\u00e9s<\/a><\/h3><p class=\"elementor-image-box-description\">PANEL JAPON\u00c9S TELOS DE 40 A 60CM DESLIZAN DE MANERA HORIZONTAL AL LADO QUE DESE\u00c9. EXCELENTE OPCI\u00d3N PARA VENTANALES. ELEGANTES. TRANSLUCIDO. PRIVACIDAD. <\/p><\/div><\/div>\t\t\t\t<\/div>\n\t\t\t\t<\/div>\n\t\t\t\t\t<\/div>\n\t\t<\/div>\n\t\t\t\t\t<\/div>\n\t\t<\/section>\n\t\t\t\t<section class=\"elementor-section elementor-inner-section elementor-element elementor-element-63ef2b7c elementor-section-content-middle elementor-section-boxed elementor-section-height-default elementor-section-height-default\" data-id=\"63ef2b7c\" data-element_type=\"section\">\n\t\t\t\t\t\t<div class=\"elementor-container elementor-column-gap-no\">\n\t\t\t\t\t<div class=\"elementor-column elementor-col-50 elementor-inner-column elementor-element elementor-element-418370be\" data-id=\"418370be\" data-element_type=\"column\">\n\t\t\t<div class=\"elementor-widget-wrap elementor-element-populated\">\n\t\t\t\t\t\t<div class=\"elementor-element elementor-element-52f6e748 elementor-position-top elementor-widget elementor-widget-image-box\" data-id=\"52f6e748\" data-element_type=\"widget\" data-widget_type=\"image-box.default\">\n\t\t\t\t<div class=\"elementor-widget-container\">\n\t\t\t\t\t<div class=\"elementor-image-box-wrapper\"><figure class=\"elementor-image-box-img\"><a href=\"https:\/\/api.whatsapp.com\/send?phone=+573128466961&#038;text=%C2%A1Deseo%20asesor%C3%ADa%20en%20Persiana%20Sheer%20Elegance!\" tabindex=\"-1\"><img decoding=\"async\" width=\"570\" height=\"750\" src=\"https:\/\/persianasysolucionesya.com\/wp-content\/uploads\/2021\/08\/sheer.jpg\" class=\"attachment-full size-full wp-image-2949\" alt=\"\" srcset=\"https:\/\/persianasysolucionesya.com\/wp-content\/uploads\/2021\/08\/sheer.jpg 570w, https:\/\/persianasysolucionesya.com\/wp-content\/uploads\/2021\/08\/sheer-228x300.jpg 228w\" sizes=\"(max-width: 570px) 100vw, 570px\" \/><\/a><\/figure><div class=\"elementor-image-box-content\"><h3 class=\"elementor-image-box-title\"><a href=\"https:\/\/api.whatsapp.com\/send?phone=+573128466961&#038;text=%C2%A1Deseo%20asesor%C3%ADa%20en%20Persiana%20Sheer%20Elegance!\">Persiana Sheer Elegance<\/a><\/h3><p class=\"elementor-image-box-description\">PERSIANA SHEER ELEGANCE. TELA DOBLE LIENZO PERMITE GRADUAR EL PASO DE LUZ. TENER ACCESO A LA VENTANA. ELEGANTE Y VERSATIL<\/p><\/div><\/div>\t\t\t\t<\/div>\n\t\t\t\t<\/div>\n\t\t\t\t\t<\/div>\n\t\t<\/div>\n\t\t\t\t<div class=\"elementor-column elementor-col-50 elementor-inner-column elementor-element elementor-element-4399242e\" data-id=\"4399242e\" data-element_type=\"column\">\n\t\t\t<div class=\"elementor-widget-wrap elementor-element-populated\">\n\t\t\t\t\t\t<div class=\"elementor-element elementor-element-6bca2cd2 elementor-position-top elementor-widget elementor-widget-image-box\" data-id=\"6bca2cd2\" data-element_type=\"widget\" data-widget_type=\"image-box.default\">\n\t\t\t\t<div class=\"elementor-widget-container\">\n\t\t\t\t\t<div class=\"elementor-image-box-wrapper\"><figure class=\"elementor-image-box-img\"><a href=\"https:\/\/api.whatsapp.com\/send?phone=+573128466961&#038;text=%C2%A1Deseo%20asesor%C3%ADa%20en%20Persiana%20Enrollable!\" tabindex=\"-1\"><img loading=\"lazy\" decoding=\"async\" width=\"651\" height=\"434\" src=\"https:\/\/persianasysolucionesya.com\/wp-content\/uploads\/2022\/08\/persianas-enrollables.jpeg\" class=\"attachment-full size-full wp-image-3253\" alt=\"\" srcset=\"https:\/\/persianasysolucionesya.com\/wp-content\/uploads\/2022\/08\/persianas-enrollables.jpeg 651w, https:\/\/persianasysolucionesya.com\/wp-content\/uploads\/2022\/08\/persianas-enrollables-300x200.jpeg 300w, https:\/\/persianasysolucionesya.com\/wp-content\/uploads\/2022\/08\/persianas-enrollables-600x400.jpeg 600w\" sizes=\"(max-width: 651px) 100vw, 651px\" \/><\/a><\/figure><div class=\"elementor-image-box-content\"><h3 class=\"elementor-image-box-title\"><a href=\"https:\/\/api.whatsapp.com\/send?phone=+573128466961&#038;text=%C2%A1Deseo%20asesor%C3%ADa%20en%20Persiana%20Enrollable!\">Persiana Enrollable Screen<\/a><\/h3><p class=\"elementor-image-box-description\">PERSIANA ENROLLABLE SE ACCIONA MANUALMENTE O CON MOTOR. TRASLUCIDA. ECONOMICA. DISPONIBLE EN VARIEDAD DE COLORES. ACCESO A LA VENTANA<\/p><\/div><\/div>\t\t\t\t<\/div>\n\t\t\t\t<\/div>\n\t\t\t\t\t<\/div>\n\t\t<\/div>\n\t\t\t\t\t<\/div>\n\t\t<\/section>\n\t\t\t\t<div class=\"elementor-element elementor-element-fefc3d7 elementor-align-center elementor-widget elementor-widget-button\" data-id=\"fefc3d7\" data-element_type=\"widget\" data-widget_type=\"button.default\">\n\t\t\t\t<div class=\"elementor-widget-container\">\n\t\t\t\t\t\t\t\t\t<div class=\"elementor-button-wrapper\">\n\t\t\t\t\t<a class=\"elementor-button elementor-button-link elementor-size-sm\" href=\"https:\/\/api.whatsapp.com\/send?phone=+573128466961&#038;text=%C2%A1Deseo%20asesoria%20en%20Persianas%20para%20la%20Sala!\">\n\t\t\t\t\t\t<span class=\"elementor-button-content-wrapper\">\n\t\t\t\t\t\t<span class=\"elementor-button-icon\">\n\t\t\t\t<i aria-hidden=\"true\" class=\"fab fa-whatsapp\"><\/i>\t\t\t<\/span>\n\t\t\t\t\t\t\t\t\t<span class=\"elementor-button-text\">Asesoria por WhatsApp<\/span>\n\t\t\t\t\t<\/span>\n\t\t\t\t\t<\/a>\n\t\t\t\t<\/div>\n\t\t\t\t\t\t\t\t<\/div>\n\t\t\t\t<\/div>\n\t\t\t\t\t<\/div>\n\t\t<\/div>\n\t\t\t\t\t<\/div>\n\t\t<\/section>\n\t\t\t\t<section class=\"elementor-section elementor-top-section elementor-element elementor-element-af9baeb elementor-section-content-middle elementor-section-boxed elementor-section-height-default elementor-section-height-default\" data-id=\"af9baeb\" data-element_type=\"section\" data-settings=\"{&quot;background_background&quot;:&quot;gradient&quot;}\">\n\t\t\t\t\t\t<div class=\"elementor-container elementor-column-gap-no\">\n\t\t\t\t\t<div class=\"elementor-column elementor-col-100 elementor-top-column elementor-element elementor-element-2b582cc\" data-id=\"2b582cc\" data-element_type=\"column\">\n\t\t\t<div class=\"elementor-widget-wrap elementor-element-populated\">\n\t\t\t\t\t\t<div class=\"elementor-element elementor-element-6a5f22f0 elementor-widget elementor-widget-heading\" data-id=\"6a5f22f0\" data-element_type=\"widget\" data-widget_type=\"heading.default\">\n\t\t\t\t<div class=\"elementor-widget-container\">\n\t\t\t\t\t<h4 class=\"elementor-heading-title elementor-size-default\">Expertos en Productos para Regulaci\u00f3n Solar y Exteriores<\/h4>\t\t\t\t<\/div>\n\t\t\t\t<\/div>\n\t\t\t\t<div class=\"elementor-element elementor-element-16d0aa1c elementor-widget elementor-widget-text-editor\" data-id=\"16d0aa1c\" data-element_type=\"widget\" data-widget_type=\"text-editor.default\">\n\t\t\t\t<div class=\"elementor-widget-container\">\n\t\t\t\t\t\t\t\t\t<p>Mas de 10 a\u00f1os de experiencia en venta de productos para regulaci\u00f3n solar y exteriores. Solicita una asesor\u00eda con nosotros. Excelente atenci\u00f3n. Con gusto te atenderemos.<\/p>\t\t\t\t\t\t\t\t<\/div>\n\t\t\t\t<\/div>\n\t\t\t\t<div class=\"elementor-element elementor-element-407e2e32 elementor-widget elementor-widget-video\" data-id=\"407e2e32\" data-element_type=\"widget\" data-settings=\"{&quot;youtube_url&quot;:&quot;https:\\\/\\\/www.youtube.com\\\/watch?v=AaEJMf5w0CQ&quot;,&quot;video_type&quot;:&quot;youtube&quot;,&quot;controls&quot;:&quot;yes&quot;}\" data-widget_type=\"video.default\">\n\t\t\t\t<div class=\"elementor-widget-container\">\n\t\t\t\t\t\t\t<div class=\"elementor-wrapper elementor-open-inline\">\n\t\t\t<div class=\"elementor-video\"><\/div>\t\t<\/div>\n\t\t\t\t\t\t<\/div>\n\t\t\t\t<\/div>\n\t\t\t\t\t<\/div>\n\t\t<\/div>\n\t\t\t\t\t<\/div>\n\t\t<\/section>\n\t\t\t\t<section class=\"elementor-section elementor-top-section elementor-element elementor-element-5a7e29a5 elementor-section-content-middle elementor-section-boxed elementor-section-height-default elementor-section-height-default\" data-id=\"5a7e29a5\" data-element_type=\"section\" data-settings=\"{&quot;background_background&quot;:&quot;classic&quot;}\">\n\t\t\t\t\t\t<div class=\"elementor-container elementor-column-gap-no\">\n\t\t\t\t\t<div class=\"elementor-column elementor-col-100 elementor-top-column elementor-element elementor-element-1995b225\" data-id=\"1995b225\" data-element_type=\"column\">\n\t\t\t<div class=\"elementor-widget-wrap elementor-element-populated\">\n\t\t\t\t\t\t<div class=\"elementor-element elementor-element-3fa1e89b elementor-widget elementor-widget-heading\" data-id=\"3fa1e89b\" data-element_type=\"widget\" data-widget_type=\"heading.default\">\n\t\t\t\t<div class=\"elementor-widget-container\">\n\t\t\t\t\t<h6 class=\"elementor-heading-title elementor-size-default\">contactaos<\/h6>\t\t\t\t<\/div>\n\t\t\t\t<\/div>\n\t\t\t\t<div class=\"elementor-element elementor-element-68d5e2f9 elementor-widget elementor-widget-heading\" data-id=\"68d5e2f9\" data-element_type=\"widget\" data-widget_type=\"heading.default\">\n\t\t\t\t<div class=\"elementor-widget-container\">\n\t\t\t\t\t<h6 class=\"elementor-heading-title elementor-size-default\">+57 3128466961<br>+57 316570711<\/h6>\t\t\t\t<\/div>\n\t\t\t\t<\/div>\n\t\t\t\t<div class=\"elementor-element elementor-element-9084605 elementor-widget elementor-widget-heading\" data-id=\"9084605\" data-element_type=\"widget\" data-widget_type=\"heading.default\">\n\t\t\t\t<div class=\"elementor-widget-container\">\n\t\t\t\t\t<h3 class=\"elementor-heading-title elementor-size-default\">SEDE PRINCIPAL PUNTO DE VENTA, Armenia Quind\u00edo Calle Quinta 13-09 Frente Unicentro<br>SEDE VIRTUAL, Pereira Risaralda<br>SERVIMOS A TODO EL EJE CAFETERO<\/h3>\t\t\t\t<\/div>\n\t\t\t\t<\/div>\n\t\t\t\t<div class=\"elementor-element elementor-element-269340db elementor-widget elementor-widget-google_maps\" data-id=\"269340db\" data-element_type=\"widget\" data-widget_type=\"google_maps.default\">\n\t\t\t\t<div class=\"elementor-widget-container\">\n\t\t\t\t\t\t\t<div class=\"elementor-custom-embed\">\n\t\t\t<iframe loading=\"lazy\"\n\t\t\t\t\tsrc=\"https:\/\/maps.google.com\/maps?q=pereira&#038;t=m&#038;z=18&#038;output=embed&#038;iwloc=near\"\n\t\t\t\t\ttitle=\"pereira\"\n\t\t\t\t\taria-label=\"pereira\"\n\t\t\t><\/iframe>\n\t\t<\/div>\n\t\t\t\t\t\t<\/div>\n\t\t\t\t<\/div>\n\t\t\t\t\t<\/div>\n\t\t<\/div>\n\t\t\t\t\t<\/div>\n\t\t<\/section>\n\t\t\t\t<\/div>\n\t\t","protected":false},"excerpt":{"rendered":"<p>Persianas para la Sala Te ofrecemos las mejores opciones para tu Sala o espacios sociales. Te brindan iluminaci\u00f3n y te protegen de rayos solares. Estilos elegantes y est\u00e9ticos para tu hogar. Persiana Vertical Persiana vertical de lamas de 9cm giran hasta 180\u00b0 pROTECCI\u00d3N DE RAYOS SOLARES. BRINDAN PRIVACIDAD. TRASLUCIDAS. ESPECIAL PARA VENTANALES O VENTANAS DE [&hellip;]<\/p>\n","protected":false},"author":1,"featured_media":0,"parent":0,"menu_order":0,"comment_status":"closed","ping_status":"closed","template":"","meta":{"_joinchat":[],"footnotes":""},"class_list":["post-3249","page","type-page","status-publish","hentry"],"yoast_head":"<!-- This site is optimized with the Yoast SEO plugin v25.9 - https:\/\/yoast.com\/wordpress\/plugins\/seo\/ -->\n<title>Persianas para Sala - Persianas y Soluciones<\/title>\n<meta name=\"robots\" content=\"index, follow, max-snippet:-1, max-image-preview:large, max-video-preview:-1\" \/>\n<link rel=\"canonical\" href=\"https:\/\/persianasysolucionesya.com\/?page_id=3249\" \/>\n<meta property=\"og:locale\" content=\"es_ES\" \/>\n<meta property=\"og:type\" content=\"article\" \/>\n<meta property=\"og:title\" content=\"Persianas para Sala - Persianas y Soluciones\" \/>\n<meta property=\"og:description\" content=\"Persianas para la Sala Te ofrecemos las mejores opciones para tu Sala o espacios sociales. Te brindan iluminaci\u00f3n y te protegen de rayos solares. Estilos elegantes y est\u00e9ticos para tu hogar. Persiana Vertical Persiana vertical de lamas de 9cm giran hasta 180\u00b0 pROTECCI\u00d3N DE RAYOS SOLARES. BRINDAN PRIVACIDAD. TRASLUCIDAS. ESPECIAL PARA VENTANALES O VENTANAS DE [&hellip;]\" \/>\n<meta property=\"og:url\" content=\"https:\/\/persianasysolucionesya.com\/?page_id=3249\" \/>\n<meta property=\"og:site_name\" content=\"Persianas y Soluciones\" \/>\n<meta property=\"article:modified_time\" content=\"2022-08-28T13:46:03+00:00\" \/>\n<meta property=\"og:image\" content=\"http:\/\/persianasysolucionesya.com\/wp-content\/uploads\/2021\/08\/verticales-blancas.jpg\" \/>\n<meta name=\"twitter:card\" content=\"summary_large_image\" \/>\n<meta name=\"twitter:label1\" content=\"Tiempo de lectura\" \/>\n\t<meta name=\"twitter:data1\" content=\"2 minutos\" \/>\n<script type=\"application\/ld+json\" class=\"yoast-schema-graph\">{\"@context\":\"https:\/\/schema.org\",\"@graph\":[{\"@type\":\"WebPage\",\"@id\":\"https:\/\/persianasysolucionesya.com\/?page_id=3249\",\"url\":\"https:\/\/persianasysolucionesya.com\/?page_id=3249\",\"name\":\"Persianas para Sala - Persianas y Soluciones\",\"isPartOf\":{\"@id\":\"https:\/\/persianasysolucionesya.com\/#website\"},\"primaryImageOfPage\":{\"@id\":\"https:\/\/persianasysolucionesya.com\/?page_id=3249#primaryimage\"},\"image\":{\"@id\":\"https:\/\/persianasysolucionesya.com\/?page_id=3249#primaryimage\"},\"thumbnailUrl\":\"http:\/\/persianasysolucionesya.com\/wp-content\/uploads\/2021\/08\/verticales-blancas.jpg\",\"datePublished\":\"2022-08-26T13:03:10+00:00\",\"dateModified\":\"2022-08-28T13:46:03+00:00\",\"breadcrumb\":{\"@id\":\"https:\/\/persianasysolucionesya.com\/?page_id=3249#breadcrumb\"},\"inLanguage\":\"es-CO\",\"potentialAction\":[{\"@type\":\"ReadAction\",\"target\":[\"https:\/\/persianasysolucionesya.com\/?page_id=3249\"]}]},{\"@type\":\"ImageObject\",\"inLanguage\":\"es-CO\",\"@id\":\"https:\/\/persianasysolucionesya.com\/?page_id=3249#primaryimage\",\"url\":\"https:\/\/persianasysolucionesya.com\/wp-content\/uploads\/2021\/08\/verticales-blancas.jpg\",\"contentUrl\":\"https:\/\/persianasysolucionesya.com\/wp-content\/uploads\/2021\/08\/verticales-blancas.jpg\",\"width\":1125,\"height\":768},{\"@type\":\"BreadcrumbList\",\"@id\":\"https:\/\/persianasysolucionesya.com\/?page_id=3249#breadcrumb\",\"itemListElement\":[{\"@type\":\"ListItem\",\"position\":1,\"name\":\"Home\",\"item\":\"https:\/\/persianasysolucionesya.com\/\"},{\"@type\":\"ListItem\",\"position\":2,\"name\":\"Persianas para Sala\"}]},{\"@type\":\"WebSite\",\"@id\":\"https:\/\/persianasysolucionesya.com\/#website\",\"url\":\"https:\/\/persianasysolucionesya.com\/\",\"name\":\"Persianas y Soluciones\",\"description\":\"Just another WordPress site\",\"potentialAction\":[{\"@type\":\"SearchAction\",\"target\":{\"@type\":\"EntryPoint\",\"urlTemplate\":\"https:\/\/persianasysolucionesya.com\/?s={search_term_string}\"},\"query-input\":{\"@type\":\"PropertyValueSpecification\",\"valueRequired\":true,\"valueName\":\"search_term_string\"}}],\"inLanguage\":\"es-CO\"}]}<\/script>\n<!-- \/ Yoast SEO plugin. -->","yoast_head_json":{"title":"Persianas para Sala - Persianas y Soluciones","robots":{"index":"index","follow":"follow","max-snippet":"max-snippet:-1","max-image-preview":"max-image-preview:large","max-video-preview":"max-video-preview:-1"},"canonical":"https:\/\/persianasysolucionesya.com\/?page_id=3249","og_locale":"es_ES","og_type":"article","og_title":"Persianas para Sala - Persianas y Soluciones","og_description":"Persianas para la Sala Te ofrecemos las mejores opciones para tu Sala o espacios sociales. Te brindan iluminaci\u00f3n y te protegen de rayos solares. Estilos elegantes y est\u00e9ticos para tu hogar. Persiana Vertical Persiana vertical de lamas de 9cm giran hasta 180\u00b0 pROTECCI\u00d3N DE RAYOS SOLARES. BRINDAN PRIVACIDAD. TRASLUCIDAS. ESPECIAL PARA VENTANALES O VENTANAS DE [&hellip;]","og_url":"https:\/\/persianasysolucionesya.com\/?page_id=3249","og_site_name":"Persianas y Soluciones","article_modified_time":"2022-08-28T13:46:03+00:00","og_image":[{"url":"http:\/\/persianasysolucionesya.com\/wp-content\/uploads\/2021\/08\/verticales-blancas.jpg","type":"","width":"","height":""}],"twitter_card":"summary_large_image","twitter_misc":{"Tiempo de lectura":"2 minutos"},"schema":{"@context":"https:\/\/schema.org","@graph":[{"@type":"WebPage","@id":"https:\/\/persianasysolucionesya.com\/?page_id=3249","url":"https:\/\/persianasysolucionesya.com\/?page_id=3249","name":"Persianas para Sala - Persianas y Soluciones","isPartOf":{"@id":"https:\/\/persianasysolucionesya.com\/#website"},"primaryImageOfPage":{"@id":"https:\/\/persianasysolucionesya.com\/?page_id=3249#primaryimage"},"image":{"@id":"https:\/\/persianasysolucionesya.com\/?page_id=3249#primaryimage"},"thumbnailUrl":"http:\/\/persianasysolucionesya.com\/wp-content\/uploads\/2021\/08\/verticales-blancas.jpg","datePublished":"2022-08-26T13:03:10+00:00","dateModified":"2022-08-28T13:46:03+00:00","breadcrumb":{"@id":"https:\/\/persianasysolucionesya.com\/?page_id=3249#breadcrumb"},"inLanguage":"es-CO","potentialAction":[{"@type":"ReadAction","target":["https:\/\/persianasysolucionesya.com\/?page_id=3249"]}]},{"@type":"ImageObject","inLanguage":"es-CO","@id":"https:\/\/persianasysolucionesya.com\/?page_id=3249#primaryimage","url":"https:\/\/persianasysolucionesya.com\/wp-content\/uploads\/2021\/08\/verticales-blancas.jpg","contentUrl":"https:\/\/persianasysolucionesya.com\/wp-content\/uploads\/2021\/08\/verticales-blancas.jpg","width":1125,"height":768},{"@type":"BreadcrumbList","@id":"https:\/\/persianasysolucionesya.com\/?page_id=3249#breadcrumb","itemListElement":[{"@type":"ListItem","position":1,"name":"Home","item":"https:\/\/persianasysolucionesya.com\/"},{"@type":"ListItem","position":2,"name":"Persianas para Sala"}]},{"@type":"WebSite","@id":"https:\/\/persianasysolucionesya.com\/#website","url":"https:\/\/persianasysolucionesya.com\/","name":"Persianas y Soluciones","description":"Just another WordPress site","potentialAction":[{"@type":"SearchAction","target":{"@type":"EntryPoint","urlTemplate":"https:\/\/persianasysolucionesya.com\/?s={search_term_string}"},"query-input":{"@type":"PropertyValueSpecification","valueRequired":true,"valueName":"search_term_string"}}],"inLanguage":"es-CO"}]}},"brizy_media":[],"_links":{"self":[{"href":"https:\/\/persianasysolucionesya.com\/index.php?rest_route=\/wp\/v2\/pages\/3249","targetHints":{"allow":["GET"]}}],"collection":[{"href":"https:\/\/persianasysolucionesya.com\/index.php?rest_route=\/wp\/v2\/pages"}],"about":[{"href":"https:\/\/persianasysolucionesya.com\/index.php?rest_route=\/wp\/v2\/types\/page"}],"author":[{"embeddable":true,"href":"https:\/\/persianasysolucionesya.com\/index.php?rest_route=\/wp\/v2\/users\/1"}],"replies":[{"embeddable":true,"href":"https:\/\/persianasysolucionesya.com\/index.php?rest_route=%2Fwp%2Fv2%2Fcomments&post=3249"}],"version-history":[{"count":0,"href":"https:\/\/persianasysolucionesya.com\/index.php?rest_route=\/wp\/v2\/pages\/3249\/revisions"}],"wp:attachment":[{"href":"https:\/\/persianasysolucionesya.com\/index.php?rest_route=%2Fwp%2Fv2%2Fmedia&parent=3249"}],"curies":[{"name":"wp","href":"https:\/\/api.w.org\/{rel}","templated":true}]}}