{"id":3207,"date":"2022-06-06T13:12:20","date_gmt":"2022-06-06T13:12:20","guid":{"rendered":"https:\/\/persianasysolucionesya.com\/?page_id=3207"},"modified":"2022-10-13T13:52:25","modified_gmt":"2022-10-13T13:52:25","slug":"habitaciones","status":"publish","type":"page","link":"https:\/\/persianasysolucionesya.com\/?page_id=3207","title":{"rendered":"Habitaciones"},"content":{"rendered":"\t\t<div data-elementor-type=\"wp-page\" data-elementor-id=\"3207\" class=\"elementor elementor-3207\">\n\t\t\t\t\t\t<section class=\"elementor-section elementor-top-section elementor-element elementor-element-5bcc4792 elementor-section-content-middle elementor-section-boxed elementor-section-height-default elementor-section-height-default\" data-id=\"5bcc4792\" data-element_type=\"section\" data-settings=\"{&quot;background_background&quot;:&quot;gradient&quot;}\">\n\t\t\t\t\t\t<div class=\"elementor-container elementor-column-gap-no\">\n\t\t\t\t\t<div class=\"elementor-column elementor-col-100 elementor-top-column elementor-element elementor-element-51b1b4a5\" data-id=\"51b1b4a5\" data-element_type=\"column\">\n\t\t\t<div class=\"elementor-widget-wrap elementor-element-populated\">\n\t\t\t\t\t\t<div class=\"elementor-element elementor-element-321c620 elementor-widget elementor-widget-heading\" data-id=\"321c620\" data-element_type=\"widget\" data-widget_type=\"heading.default\">\n\t\t\t\t<div class=\"elementor-widget-container\">\n\t\t\t\t\t<h4 class=\"elementor-heading-title elementor-size-default\">Habitaciones<\/h4>\t\t\t\t<\/div>\n\t\t\t\t<\/div>\n\t\t\t\t<div class=\"elementor-element elementor-element-618c307b elementor-widget elementor-widget-heading\" data-id=\"618c307b\" data-element_type=\"widget\" data-widget_type=\"heading.default\">\n\t\t\t\t<div class=\"elementor-widget-container\">\n\t\t\t\t\t<h5 class=\"elementor-heading-title elementor-size-default\"><span id=\"docs-internal-guid-5621d021-7fff-5bf2-0205-74ecc059621e\"><p dir=\"ltr\" style=\"line-height:1.38;margin-top:0pt;margin-bottom:0pt\"><font face=\"Arial\"><span style=\"font-size: 20.6667px\"><b>La mejor recomendaci\u00f3n de estilos de Persiana para habitaciones. Para todo tipo de ventana. Privacidad y Oscuridad. Gran variedad de colores para combinarlos con el tono de la habitaci\u00f3n.<\/b><\/span><\/font><\/p><\/span><\/h5>\t\t\t\t<\/div>\n\t\t\t\t<\/div>\n\t\t\t\t<section class=\"elementor-section elementor-inner-section elementor-element elementor-element-3ae6ed43 elementor-section-content-middle elementor-section-boxed elementor-section-height-default elementor-section-height-default\" data-id=\"3ae6ed43\" data-element_type=\"section\">\n\t\t\t\t\t\t<div class=\"elementor-container elementor-column-gap-no\">\n\t\t\t\t\t<div class=\"elementor-column elementor-col-50 elementor-inner-column elementor-element elementor-element-21fc172c\" data-id=\"21fc172c\" data-element_type=\"column\">\n\t\t\t<div class=\"elementor-widget-wrap elementor-element-populated\">\n\t\t\t\t\t\t<div class=\"elementor-element elementor-element-4423765b elementor-position-top elementor-widget elementor-widget-image-box\" data-id=\"4423765b\" data-element_type=\"widget\" data-widget_type=\"image-box.default\">\n\t\t\t\t<div class=\"elementor-widget-container\">\n\t\t\t\t\t<div class=\"elementor-image-box-wrapper\"><figure class=\"elementor-image-box-img\"><a href=\"https:\/\/api.whatsapp.com\/send?phone=+573128466961&#038;text=%C2%A1Hola%20deseo%20cotizar%20Persiana%20Sheer%20Elegance!\" tabindex=\"-1\"><img fetchpriority=\"high\" decoding=\"async\" width=\"1920\" height=\"1440\" src=\"https:\/\/persianasysolucionesya.com\/wp-content\/uploads\/2021\/08\/persianas-sheer-elegance-crema.jpg\" class=\"attachment-full size-full wp-image-2961\" alt=\"\" srcset=\"https:\/\/persianasysolucionesya.com\/wp-content\/uploads\/2021\/08\/persianas-sheer-elegance-crema.jpg 1920w, https:\/\/persianasysolucionesya.com\/wp-content\/uploads\/2021\/08\/persianas-sheer-elegance-crema-300x225.jpg 300w, https:\/\/persianasysolucionesya.com\/wp-content\/uploads\/2021\/08\/persianas-sheer-elegance-crema-1024x768.jpg 1024w, https:\/\/persianasysolucionesya.com\/wp-content\/uploads\/2021\/08\/persianas-sheer-elegance-crema-768x576.jpg 768w, https:\/\/persianasysolucionesya.com\/wp-content\/uploads\/2021\/08\/persianas-sheer-elegance-crema-1536x1152.jpg 1536w, https:\/\/persianasysolucionesya.com\/wp-content\/uploads\/2021\/08\/persianas-sheer-elegance-crema-600x450.jpg 600w\" sizes=\"(max-width: 1920px) 100vw, 1920px\" \/><\/a><\/figure><div class=\"elementor-image-box-content\"><h3 class=\"elementor-image-box-title\"><a href=\"https:\/\/api.whatsapp.com\/send?phone=+573128466961&#038;text=%C2%A1Hola%20deseo%20cotizar%20Persiana%20Sheer%20Elegance!\">SHEER ELEGANCE<\/a><\/h3><p class=\"elementor-image-box-description\">Persianas enrollable. permite enrada de luz y privacidad. la persiana mas completa.<\/p><\/div><\/div>\t\t\t\t<\/div>\n\t\t\t\t<\/div>\n\t\t\t\t\t<\/div>\n\t\t<\/div>\n\t\t\t\t<div class=\"elementor-column elementor-col-50 elementor-inner-column elementor-element elementor-element-2ecdb283\" data-id=\"2ecdb283\" data-element_type=\"column\">\n\t\t\t<div class=\"elementor-widget-wrap elementor-element-populated\">\n\t\t\t\t\t\t<div class=\"elementor-element elementor-element-27ca4ac4 elementor-position-top elementor-widget elementor-widget-image-box\" data-id=\"27ca4ac4\" data-element_type=\"widget\" data-widget_type=\"image-box.default\">\n\t\t\t\t<div class=\"elementor-widget-container\">\n\t\t\t\t\t<div class=\"elementor-image-box-wrapper\"><figure class=\"elementor-image-box-img\"><a href=\"https:\/\/api.whatsapp.com\/send?phone=+573128466961&#038;text=%C2%A1Hola%20deseo%20cotizar%20Blackout!\" tabindex=\"-1\"><img decoding=\"async\" width=\"715\" height=\"615\" src=\"https:\/\/persianasysolucionesya.com\/wp-content\/uploads\/2022\/06\/Blackout-habitacion.jpg\" class=\"attachment-full size-full wp-image-3211\" alt=\"\" srcset=\"https:\/\/persianasysolucionesya.com\/wp-content\/uploads\/2022\/06\/Blackout-habitacion.jpg 715w, https:\/\/persianasysolucionesya.com\/wp-content\/uploads\/2022\/06\/Blackout-habitacion-300x258.jpg 300w, https:\/\/persianasysolucionesya.com\/wp-content\/uploads\/2022\/06\/Blackout-habitacion-600x516.jpg 600w\" sizes=\"(max-width: 715px) 100vw, 715px\" \/><\/a><\/figure><div class=\"elementor-image-box-content\"><h3 class=\"elementor-image-box-title\"><a href=\"https:\/\/api.whatsapp.com\/send?phone=+573128466961&#038;text=%C2%A1Hola%20deseo%20cotizar%20Blackout!\">BLACKOUT ENROLLABLE<\/a><\/h3><p class=\"elementor-image-box-description\">la mejor opci\u00f3n para habitaciones. brinda oscuridad al 98%. control de temperatura. bloquea rayos solares. se puede combinar con otros estilos de persiana. privacidad.<\/p><\/div><\/div>\t\t\t\t<\/div>\n\t\t\t\t<\/div>\n\t\t\t\t\t<\/div>\n\t\t<\/div>\n\t\t\t\t\t<\/div>\n\t\t<\/section>\n\t\t\t\t<section class=\"elementor-section elementor-inner-section elementor-element elementor-element-5b3877f8 elementor-section-content-middle elementor-section-boxed elementor-section-height-default elementor-section-height-default\" data-id=\"5b3877f8\" data-element_type=\"section\">\n\t\t\t\t\t\t<div class=\"elementor-container elementor-column-gap-no\">\n\t\t\t\t\t<div class=\"elementor-column elementor-col-50 elementor-inner-column elementor-element elementor-element-76331f1f\" data-id=\"76331f1f\" data-element_type=\"column\">\n\t\t\t<div class=\"elementor-widget-wrap elementor-element-populated\">\n\t\t\t\t\t\t<div class=\"elementor-element elementor-element-4cd9dd56 elementor-position-top elementor-widget elementor-widget-image-box\" data-id=\"4cd9dd56\" data-element_type=\"widget\" data-widget_type=\"image-box.default\">\n\t\t\t\t<div class=\"elementor-widget-container\">\n\t\t\t\t\t<div class=\"elementor-image-box-wrapper\"><figure class=\"elementor-image-box-img\"><a href=\"https:\/\/api.whatsapp.com\/send?phone=+573128466961&#038;text=%C2%A1Hola%20deseo%20cotizar%20Persiana%20D%C3%BAo!\" tabindex=\"-1\"><img decoding=\"async\" width=\"614\" height=\"583\" src=\"https:\/\/persianasysolucionesya.com\/wp-content\/uploads\/2022\/06\/persiana-duo-e1654475562794.jpg\" class=\"attachment-full size-full wp-image-3212\" alt=\"\" srcset=\"https:\/\/persianasysolucionesya.com\/wp-content\/uploads\/2022\/06\/persiana-duo-e1654475562794.jpg 614w, https:\/\/persianasysolucionesya.com\/wp-content\/uploads\/2022\/06\/persiana-duo-e1654475562794-300x285.jpg 300w, https:\/\/persianasysolucionesya.com\/wp-content\/uploads\/2022\/06\/persiana-duo-e1654475562794-600x570.jpg 600w\" sizes=\"(max-width: 614px) 100vw, 614px\" \/><\/a><\/figure><div class=\"elementor-image-box-content\"><h3 class=\"elementor-image-box-title\"><a href=\"https:\/\/api.whatsapp.com\/send?phone=+573128466961&#038;text=%C2%A1Hola%20deseo%20cotizar%20Persiana%20D%C3%BAo!\">PERSIANA DUO ENROLLABLE<\/a><\/h3><p class=\"elementor-image-box-description\">persiana translucida + blackout doble funci\u00f3n. privacidad y oscuridad. <\/p><\/div><\/div>\t\t\t\t<\/div>\n\t\t\t\t<\/div>\n\t\t\t\t\t<\/div>\n\t\t<\/div>\n\t\t\t\t<div class=\"elementor-column elementor-col-50 elementor-inner-column elementor-element elementor-element-252c5aaf\" data-id=\"252c5aaf\" data-element_type=\"column\">\n\t\t\t<div class=\"elementor-widget-wrap elementor-element-populated\">\n\t\t\t\t\t\t<div class=\"elementor-element elementor-element-64288015 elementor-position-top elementor-widget elementor-widget-image-box\" data-id=\"64288015\" data-element_type=\"widget\" data-widget_type=\"image-box.default\">\n\t\t\t\t<div class=\"elementor-widget-container\">\n\t\t\t\t\t<div class=\"elementor-image-box-wrapper\"><figure class=\"elementor-image-box-img\"><a href=\"https:\/\/api.whatsapp.com\/send?phone=+573128466961&#038;text=%C2%A1Hola%20deseo%20cotizar%20Panel%20Japones!\" tabindex=\"-1\"><img loading=\"lazy\" decoding=\"async\" width=\"2560\" height=\"1707\" src=\"https:\/\/persianasysolucionesya.com\/wp-content\/uploads\/2022\/06\/Panel-Japones-habitacion-scaled.jpg\" class=\"attachment-full size-full wp-image-3213\" alt=\"\" srcset=\"https:\/\/persianasysolucionesya.com\/wp-content\/uploads\/2022\/06\/Panel-Japones-habitacion-scaled.jpg 2560w, https:\/\/persianasysolucionesya.com\/wp-content\/uploads\/2022\/06\/Panel-Japones-habitacion-300x200.jpg 300w, https:\/\/persianasysolucionesya.com\/wp-content\/uploads\/2022\/06\/Panel-Japones-habitacion-1024x683.jpg 1024w\" sizes=\"(max-width: 2560px) 100vw, 2560px\" \/><\/a><\/figure><div class=\"elementor-image-box-content\"><h3 class=\"elementor-image-box-title\"><a href=\"https:\/\/api.whatsapp.com\/send?phone=+573128466961&#038;text=%C2%A1Hola%20deseo%20cotizar%20Panel%20Japones!\">PANEL JAPONES<\/a><\/h3><p class=\"elementor-image-box-description\">Panel Japones para ventanales. gran variedad de colores. telos que deslizan de manera horizontal. lo puedes combinar con blackout. elegantes y decorativos<\/p><\/div><\/div>\t\t\t\t<\/div>\n\t\t\t\t<\/div>\n\t\t\t\t\t<\/div>\n\t\t<\/div>\n\t\t\t\t\t<\/div>\n\t\t<\/section>\n\t\t\t\t\t<\/div>\n\t\t<\/div>\n\t\t\t\t\t<\/div>\n\t\t<\/section>\n\t\t\t\t<section class=\"elementor-section elementor-top-section elementor-element elementor-element-7fa9fa5e elementor-section-content-middle elementor-section-boxed elementor-section-height-default elementor-section-height-default\" data-id=\"7fa9fa5e\" data-element_type=\"section\" data-settings=\"{&quot;background_background&quot;:&quot;gradient&quot;}\">\n\t\t\t\t\t\t<div class=\"elementor-container elementor-column-gap-no\">\n\t\t\t\t\t<div class=\"elementor-column elementor-col-100 elementor-top-column elementor-element elementor-element-20778e4\" data-id=\"20778e4\" data-element_type=\"column\">\n\t\t\t<div class=\"elementor-widget-wrap elementor-element-populated\">\n\t\t\t\t\t\t<div class=\"elementor-element elementor-element-4f483ec4 elementor-widget elementor-widget-heading\" data-id=\"4f483ec4\" data-element_type=\"widget\" data-widget_type=\"heading.default\">\n\t\t\t\t<div class=\"elementor-widget-container\">\n\t\t\t\t\t<h4 class=\"elementor-heading-title elementor-size-default\">Expertos en Productos para Regulaci\u00f3n Solar y Exteriores<\/h4>\t\t\t\t<\/div>\n\t\t\t\t<\/div>\n\t\t\t\t<div class=\"elementor-element elementor-element-2e0aa2c0 elementor-widget elementor-widget-text-editor\" data-id=\"2e0aa2c0\" data-element_type=\"widget\" data-widget_type=\"text-editor.default\">\n\t\t\t\t<div class=\"elementor-widget-container\">\n\t\t\t\t\t\t\t\t\t<p>Mas de 10 a\u00f1os de experiencia en venta de productos para regulaci\u00f3n solar y exteriores. Solicita una asesor\u00eda con nosotros. Excelente atenci\u00f3n. Con gusto te atenderemos.<\/p>\t\t\t\t\t\t\t\t<\/div>\n\t\t\t\t<\/div>\n\t\t\t\t<div class=\"elementor-element elementor-element-58325281 elementor-widget elementor-widget-video\" data-id=\"58325281\" data-element_type=\"widget\" data-settings=\"{&quot;youtube_url&quot;:&quot;https:\\\/\\\/youtu.be\\\/LIAlZrpTS2o&quot;,&quot;video_type&quot;:&quot;youtube&quot;,&quot;controls&quot;:&quot;yes&quot;}\" data-widget_type=\"video.default\">\n\t\t\t\t<div class=\"elementor-widget-container\">\n\t\t\t\t\t\t\t<div class=\"elementor-wrapper elementor-open-inline\">\n\t\t\t<div class=\"elementor-video\"><\/div>\t\t<\/div>\n\t\t\t\t\t\t<\/div>\n\t\t\t\t<\/div>\n\t\t\t\t\t<\/div>\n\t\t<\/div>\n\t\t\t\t\t<\/div>\n\t\t<\/section>\n\t\t\t\t<section class=\"elementor-section elementor-top-section elementor-element elementor-element-1f89a9d5 elementor-section-content-middle elementor-section-boxed elementor-section-height-default elementor-section-height-default\" data-id=\"1f89a9d5\" data-element_type=\"section\" data-settings=\"{&quot;background_background&quot;:&quot;classic&quot;}\">\n\t\t\t\t\t\t<div class=\"elementor-container elementor-column-gap-no\">\n\t\t\t\t\t<div class=\"elementor-column elementor-col-100 elementor-top-column elementor-element elementor-element-78c21aa1\" data-id=\"78c21aa1\" data-element_type=\"column\">\n\t\t\t<div class=\"elementor-widget-wrap elementor-element-populated\">\n\t\t\t\t\t\t<div class=\"elementor-element elementor-element-338f4e36 elementor-widget elementor-widget-heading\" data-id=\"338f4e36\" data-element_type=\"widget\" data-widget_type=\"heading.default\">\n\t\t\t\t<div class=\"elementor-widget-container\">\n\t\t\t\t\t<h6 class=\"elementor-heading-title elementor-size-default\">contactanos<\/h6>\t\t\t\t<\/div>\n\t\t\t\t<\/div>\n\t\t\t\t<div class=\"elementor-element elementor-element-4f00eb38 elementor-widget elementor-widget-heading\" data-id=\"4f00eb38\" data-element_type=\"widget\" data-widget_type=\"heading.default\">\n\t\t\t\t<div class=\"elementor-widget-container\">\n\t\t\t\t\t<h6 class=\"elementor-heading-title elementor-size-default\">+57 3128466961<br>+57 316570711<\/h6>\t\t\t\t<\/div>\n\t\t\t\t<\/div>\n\t\t\t\t<div class=\"elementor-element elementor-element-a7da8a3 elementor-widget elementor-widget-heading\" data-id=\"a7da8a3\" data-element_type=\"widget\" data-widget_type=\"heading.default\">\n\t\t\t\t<div class=\"elementor-widget-container\">\n\t\t\t\t\t<h3 class=\"elementor-heading-title elementor-size-default\">SEDE PRINCIPAL PUNTO DE VENTA, Armenia Quind\u00edo Calle Quinta 13-09 Frente Unicentro<br>SEDE VIRTUAL, Pereira Risaralda<br>SERVIMOS A TODO EL EJE CAFETERO<\/h3>\t\t\t\t<\/div>\n\t\t\t\t<\/div>\n\t\t\t\t<div class=\"elementor-element elementor-element-75d10bcd elementor-widget elementor-widget-google_maps\" data-id=\"75d10bcd\" data-element_type=\"widget\" data-widget_type=\"google_maps.default\">\n\t\t\t\t<div class=\"elementor-widget-container\">\n\t\t\t\t\t\t\t<div class=\"elementor-custom-embed\">\n\t\t\t<iframe loading=\"lazy\"\n\t\t\t\t\tsrc=\"https:\/\/maps.google.com\/maps?q=pereira&#038;t=m&#038;z=18&#038;output=embed&#038;iwloc=near\"\n\t\t\t\t\ttitle=\"pereira\"\n\t\t\t\t\taria-label=\"pereira\"\n\t\t\t><\/iframe>\n\t\t<\/div>\n\t\t\t\t\t\t<\/div>\n\t\t\t\t<\/div>\n\t\t\t\t\t<\/div>\n\t\t<\/div>\n\t\t\t\t\t<\/div>\n\t\t<\/section>\n\t\t\t\t<\/div>\n\t\t","protected":false},"excerpt":{"rendered":"<p>Habitaciones La mejor recomendaci\u00f3n de estilos de Persiana para habitaciones. Para todo tipo de ventana. Privacidad y Oscuridad. Gran variedad de colores para combinarlos con el tono de la habitaci\u00f3n. SHEER ELEGANCE Persianas enrollable. permite enrada de luz y privacidad. la persiana mas completa. BLACKOUT ENROLLABLE la mejor opci\u00f3n para habitaciones. brinda oscuridad al 98%. [&hellip;]<\/p>\n","protected":false},"author":1,"featured_media":0,"parent":0,"menu_order":0,"comment_status":"closed","ping_status":"closed","template":"","meta":{"_joinchat":[],"footnotes":""},"class_list":["post-3207","page","type-page","status-publish","hentry"],"yoast_head":"<!-- This site is optimized with the Yoast SEO plugin v25.9 - https:\/\/yoast.com\/wordpress\/plugins\/seo\/ -->\n<title>Habitaciones - Persianas y Soluciones<\/title>\n<meta name=\"robots\" content=\"index, follow, max-snippet:-1, max-image-preview:large, max-video-preview:-1\" \/>\n<link rel=\"canonical\" href=\"https:\/\/persianasysolucionesya.com\/?page_id=3207\" \/>\n<meta property=\"og:locale\" content=\"es_ES\" \/>\n<meta property=\"og:type\" content=\"article\" \/>\n<meta property=\"og:title\" content=\"Habitaciones - Persianas y Soluciones\" \/>\n<meta property=\"og:description\" content=\"Habitaciones La mejor recomendaci\u00f3n de estilos de Persiana para habitaciones. Para todo tipo de ventana. Privacidad y Oscuridad. Gran variedad de colores para combinarlos con el tono de la habitaci\u00f3n. SHEER ELEGANCE Persianas enrollable. permite enrada de luz y privacidad. la persiana mas completa. BLACKOUT ENROLLABLE la mejor opci\u00f3n para habitaciones. brinda oscuridad al 98%. [&hellip;]\" \/>\n<meta property=\"og:url\" content=\"https:\/\/persianasysolucionesya.com\/?page_id=3207\" \/>\n<meta property=\"og:site_name\" content=\"Persianas y Soluciones\" \/>\n<meta property=\"article:modified_time\" content=\"2022-10-13T13:52:25+00:00\" \/>\n<meta property=\"og:image\" content=\"http:\/\/persianasysolucionesya.com\/wp-content\/uploads\/2021\/08\/persianas-sheer-elegance-crema.jpg\" \/>\n<meta name=\"twitter:card\" content=\"summary_large_image\" \/>\n<meta name=\"twitter:label1\" content=\"Tiempo de lectura\" \/>\n\t<meta name=\"twitter:data1\" content=\"2 minutos\" \/>\n<script type=\"application\/ld+json\" class=\"yoast-schema-graph\">{\"@context\":\"https:\/\/schema.org\",\"@graph\":[{\"@type\":\"WebPage\",\"@id\":\"https:\/\/persianasysolucionesya.com\/?page_id=3207\",\"url\":\"https:\/\/persianasysolucionesya.com\/?page_id=3207\",\"name\":\"Habitaciones - Persianas y Soluciones\",\"isPartOf\":{\"@id\":\"https:\/\/persianasysolucionesya.com\/#website\"},\"primaryImageOfPage\":{\"@id\":\"https:\/\/persianasysolucionesya.com\/?page_id=3207#primaryimage\"},\"image\":{\"@id\":\"https:\/\/persianasysolucionesya.com\/?page_id=3207#primaryimage\"},\"thumbnailUrl\":\"http:\/\/persianasysolucionesya.com\/wp-content\/uploads\/2021\/08\/persianas-sheer-elegance-crema.jpg\",\"datePublished\":\"2022-06-06T13:12:20+00:00\",\"dateModified\":\"2022-10-13T13:52:25+00:00\",\"breadcrumb\":{\"@id\":\"https:\/\/persianasysolucionesya.com\/?page_id=3207#breadcrumb\"},\"inLanguage\":\"es-CO\",\"potentialAction\":[{\"@type\":\"ReadAction\",\"target\":[\"https:\/\/persianasysolucionesya.com\/?page_id=3207\"]}]},{\"@type\":\"ImageObject\",\"inLanguage\":\"es-CO\",\"@id\":\"https:\/\/persianasysolucionesya.com\/?page_id=3207#primaryimage\",\"url\":\"https:\/\/persianasysolucionesya.com\/wp-content\/uploads\/2021\/08\/persianas-sheer-elegance-crema.jpg\",\"contentUrl\":\"https:\/\/persianasysolucionesya.com\/wp-content\/uploads\/2021\/08\/persianas-sheer-elegance-crema.jpg\",\"width\":1920,\"height\":1440},{\"@type\":\"BreadcrumbList\",\"@id\":\"https:\/\/persianasysolucionesya.com\/?page_id=3207#breadcrumb\",\"itemListElement\":[{\"@type\":\"ListItem\",\"position\":1,\"name\":\"Home\",\"item\":\"https:\/\/persianasysolucionesya.com\/\"},{\"@type\":\"ListItem\",\"position\":2,\"name\":\"Habitaciones\"}]},{\"@type\":\"WebSite\",\"@id\":\"https:\/\/persianasysolucionesya.com\/#website\",\"url\":\"https:\/\/persianasysolucionesya.com\/\",\"name\":\"Persianas y Soluciones\",\"description\":\"Just another WordPress site\",\"potentialAction\":[{\"@type\":\"SearchAction\",\"target\":{\"@type\":\"EntryPoint\",\"urlTemplate\":\"https:\/\/persianasysolucionesya.com\/?s={search_term_string}\"},\"query-input\":{\"@type\":\"PropertyValueSpecification\",\"valueRequired\":true,\"valueName\":\"search_term_string\"}}],\"inLanguage\":\"es-CO\"}]}<\/script>\n<!-- \/ Yoast SEO plugin. -->","yoast_head_json":{"title":"Habitaciones - Persianas y Soluciones","robots":{"index":"index","follow":"follow","max-snippet":"max-snippet:-1","max-image-preview":"max-image-preview:large","max-video-preview":"max-video-preview:-1"},"canonical":"https:\/\/persianasysolucionesya.com\/?page_id=3207","og_locale":"es_ES","og_type":"article","og_title":"Habitaciones - Persianas y Soluciones","og_description":"Habitaciones La mejor recomendaci\u00f3n de estilos de Persiana para habitaciones. Para todo tipo de ventana. Privacidad y Oscuridad. Gran variedad de colores para combinarlos con el tono de la habitaci\u00f3n. SHEER ELEGANCE Persianas enrollable. permite enrada de luz y privacidad. la persiana mas completa. BLACKOUT ENROLLABLE la mejor opci\u00f3n para habitaciones. brinda oscuridad al 98%. [&hellip;]","og_url":"https:\/\/persianasysolucionesya.com\/?page_id=3207","og_site_name":"Persianas y Soluciones","article_modified_time":"2022-10-13T13:52:25+00:00","og_image":[{"url":"http:\/\/persianasysolucionesya.com\/wp-content\/uploads\/2021\/08\/persianas-sheer-elegance-crema.jpg","type":"","width":"","height":""}],"twitter_card":"summary_large_image","twitter_misc":{"Tiempo de lectura":"2 minutos"},"schema":{"@context":"https:\/\/schema.org","@graph":[{"@type":"WebPage","@id":"https:\/\/persianasysolucionesya.com\/?page_id=3207","url":"https:\/\/persianasysolucionesya.com\/?page_id=3207","name":"Habitaciones - Persianas y Soluciones","isPartOf":{"@id":"https:\/\/persianasysolucionesya.com\/#website"},"primaryImageOfPage":{"@id":"https:\/\/persianasysolucionesya.com\/?page_id=3207#primaryimage"},"image":{"@id":"https:\/\/persianasysolucionesya.com\/?page_id=3207#primaryimage"},"thumbnailUrl":"http:\/\/persianasysolucionesya.com\/wp-content\/uploads\/2021\/08\/persianas-sheer-elegance-crema.jpg","datePublished":"2022-06-06T13:12:20+00:00","dateModified":"2022-10-13T13:52:25+00:00","breadcrumb":{"@id":"https:\/\/persianasysolucionesya.com\/?page_id=3207#breadcrumb"},"inLanguage":"es-CO","potentialAction":[{"@type":"ReadAction","target":["https:\/\/persianasysolucionesya.com\/?page_id=3207"]}]},{"@type":"ImageObject","inLanguage":"es-CO","@id":"https:\/\/persianasysolucionesya.com\/?page_id=3207#primaryimage","url":"https:\/\/persianasysolucionesya.com\/wp-content\/uploads\/2021\/08\/persianas-sheer-elegance-crema.jpg","contentUrl":"https:\/\/persianasysolucionesya.com\/wp-content\/uploads\/2021\/08\/persianas-sheer-elegance-crema.jpg","width":1920,"height":1440},{"@type":"BreadcrumbList","@id":"https:\/\/persianasysolucionesya.com\/?page_id=3207#breadcrumb","itemListElement":[{"@type":"ListItem","position":1,"name":"Home","item":"https:\/\/persianasysolucionesya.com\/"},{"@type":"ListItem","position":2,"name":"Habitaciones"}]},{"@type":"WebSite","@id":"https:\/\/persianasysolucionesya.com\/#website","url":"https:\/\/persianasysolucionesya.com\/","name":"Persianas y Soluciones","description":"Just another WordPress site","potentialAction":[{"@type":"SearchAction","target":{"@type":"EntryPoint","urlTemplate":"https:\/\/persianasysolucionesya.com\/?s={search_term_string}"},"query-input":{"@type":"PropertyValueSpecification","valueRequired":true,"valueName":"search_term_string"}}],"inLanguage":"es-CO"}]}},"brizy_media":[],"_links":{"self":[{"href":"https:\/\/persianasysolucionesya.com\/index.php?rest_route=\/wp\/v2\/pages\/3207","targetHints":{"allow":["GET"]}}],"collection":[{"href":"https:\/\/persianasysolucionesya.com\/index.php?rest_route=\/wp\/v2\/pages"}],"about":[{"href":"https:\/\/persianasysolucionesya.com\/index.php?rest_route=\/wp\/v2\/types\/page"}],"author":[{"embeddable":true,"href":"https:\/\/persianasysolucionesya.com\/index.php?rest_route=\/wp\/v2\/users\/1"}],"replies":[{"embeddable":true,"href":"https:\/\/persianasysolucionesya.com\/index.php?rest_route=%2Fwp%2Fv2%2Fcomments&post=3207"}],"version-history":[{"count":0,"href":"https:\/\/persianasysolucionesya.com\/index.php?rest_route=\/wp\/v2\/pages\/3207\/revisions"}],"wp:attachment":[{"href":"https:\/\/persianasysolucionesya.com\/index.php?rest_route=%2Fwp%2Fv2%2Fmedia&parent=3207"}],"curies":[{"name":"wp","href":"https:\/\/api.w.org\/{rel}","templated":true}]}}