{"id":3183,"date":"2022-05-25T18:01:28","date_gmt":"2022-05-25T18:01:28","guid":{"rendered":"https:\/\/persianasysolucionesya.com\/?page_id=3183"},"modified":"2022-05-25T18:08:12","modified_gmt":"2022-05-25T18:08:12","slug":"exteriores","status":"publish","type":"page","link":"https:\/\/persianasysolucionesya.com\/?page_id=3183","title":{"rendered":"Exteriores"},"content":{"rendered":"\t\t<div data-elementor-type=\"wp-page\" data-elementor-id=\"3183\" class=\"elementor elementor-3183\">\n\t\t\t\t\t\t<section class=\"elementor-section elementor-top-section elementor-element elementor-element-4ffeddd1 elementor-section-content-middle elementor-section-boxed elementor-section-height-default elementor-section-height-default\" data-id=\"4ffeddd1\" data-element_type=\"section\" data-settings=\"{&quot;background_background&quot;:&quot;gradient&quot;}\">\n\t\t\t\t\t\t<div class=\"elementor-container elementor-column-gap-no\">\n\t\t\t\t\t<div class=\"elementor-column elementor-col-100 elementor-top-column elementor-element elementor-element-12e6bf98\" data-id=\"12e6bf98\" data-element_type=\"column\">\n\t\t\t<div class=\"elementor-widget-wrap elementor-element-populated\">\n\t\t\t\t\t\t<div class=\"elementor-element elementor-element-7636dd18 elementor-widget elementor-widget-heading\" data-id=\"7636dd18\" data-element_type=\"widget\" data-widget_type=\"heading.default\">\n\t\t\t\t<div class=\"elementor-widget-container\">\n\t\t\t\t\t<h4 class=\"elementor-heading-title elementor-size-default\">Exteriores<\/h4>\t\t\t\t<\/div>\n\t\t\t\t<\/div>\n\t\t\t\t<div class=\"elementor-element elementor-element-733714f9 elementor-widget elementor-widget-heading\" data-id=\"733714f9\" data-element_type=\"widget\" data-widget_type=\"heading.default\">\n\t\t\t\t<div class=\"elementor-widget-container\">\n\t\t\t\t\t<h5 class=\"elementor-heading-title elementor-size-default\"><span id=\"docs-internal-guid-5621d021-7fff-5bf2-0205-74ecc059621e\"><p dir=\"ltr\" style=\"line-height:1.38;margin-top:0pt;margin-bottom:0pt\"><span style=\"font-size: 15.5pt;font-family: Arial;background-color: transparent;font-weight: 700;vertical-align: baseline\">Soluciones para patios, terrazas y todos los espacios donde requieras protecci\u00f3n solar. Prolonga tus espacios de interior y disfr\u00fatalos todo el a\u00f1o sin preocuparte por el clima con productos altamente resistentes a incidencias clim\u00e1ticas.<\/span><\/p><\/span><\/h5>\t\t\t\t<\/div>\n\t\t\t\t<\/div>\n\t\t\t\t<section class=\"elementor-section elementor-inner-section elementor-element elementor-element-6b7b5eb8 elementor-section-content-middle elementor-section-boxed elementor-section-height-default elementor-section-height-default\" data-id=\"6b7b5eb8\" data-element_type=\"section\">\n\t\t\t\t\t\t<div class=\"elementor-container elementor-column-gap-no\">\n\t\t\t\t\t<div class=\"elementor-column elementor-col-50 elementor-inner-column elementor-element elementor-element-4a65a287\" data-id=\"4a65a287\" data-element_type=\"column\">\n\t\t\t<div class=\"elementor-widget-wrap elementor-element-populated\">\n\t\t\t\t\t\t<div class=\"elementor-element elementor-element-6baf326b elementor-position-top elementor-widget elementor-widget-image-box\" data-id=\"6baf326b\" data-element_type=\"widget\" data-widget_type=\"image-box.default\">\n\t\t\t\t<div class=\"elementor-widget-container\">\n\t\t\t\t\t<div class=\"elementor-image-box-wrapper\"><figure class=\"elementor-image-box-img\"><a href=\"https:\/\/api.whatsapp.com\/send?phone=+573128466961&#038;text=%C2%A1Hola!%20Deseo%20asesoria%20de%20Persianas%20Enrollables%20para%20exteriores\" tabindex=\"-1\"><img fetchpriority=\"high\" decoding=\"async\" width=\"800\" height=\"500\" src=\"https:\/\/persianasysolucionesya.com\/wp-content\/uploads\/2022\/03\/galeria-toldo-vertical-009.jpg\" class=\"attachment-full size-full wp-image-3076\" alt=\"\" srcset=\"https:\/\/persianasysolucionesya.com\/wp-content\/uploads\/2022\/03\/galeria-toldo-vertical-009.jpg 800w, https:\/\/persianasysolucionesya.com\/wp-content\/uploads\/2022\/03\/galeria-toldo-vertical-009-300x188.jpg 300w, https:\/\/persianasysolucionesya.com\/wp-content\/uploads\/2022\/03\/galeria-toldo-vertical-009-768x480.jpg 768w, https:\/\/persianasysolucionesya.com\/wp-content\/uploads\/2022\/03\/galeria-toldo-vertical-009-600x375.jpg 600w\" sizes=\"(max-width: 800px) 100vw, 800px\" \/><\/a><\/figure><div class=\"elementor-image-box-content\"><h3 class=\"elementor-image-box-title\"><a href=\"https:\/\/api.whatsapp.com\/send?phone=+573128466961&#038;text=%C2%A1Hola!%20Deseo%20asesoria%20de%20Persianas%20Enrollables%20para%20exteriores\">Enrollables para Exteriores<\/a><\/h3><p class=\"elementor-image-box-description\">Persiana enrollable para exteriores, regula la entrada de rayos de sol y de agua.<\/p><\/div><\/div>\t\t\t\t<\/div>\n\t\t\t\t<\/div>\n\t\t\t\t\t<\/div>\n\t\t<\/div>\n\t\t\t\t<div class=\"elementor-column elementor-col-50 elementor-inner-column elementor-element elementor-element-56cda927\" data-id=\"56cda927\" data-element_type=\"column\">\n\t\t\t<div class=\"elementor-widget-wrap elementor-element-populated\">\n\t\t\t\t\t\t<div class=\"elementor-element elementor-element-46705ad4 elementor-position-top elementor-widget elementor-widget-image-box\" data-id=\"46705ad4\" data-element_type=\"widget\" data-widget_type=\"image-box.default\">\n\t\t\t\t<div class=\"elementor-widget-container\">\n\t\t\t\t\t<div class=\"elementor-image-box-wrapper\"><figure class=\"elementor-image-box-img\"><a href=\"https:\/\/api.whatsapp.com\/send?phone=+573128466961&#038;text=%C2%A1Hola!%20Deseo%20asesoria%20de%20Toldo%20de%20Brazos%20Extensibles%20\" tabindex=\"-1\"><img decoding=\"async\" width=\"502\" height=\"383\" src=\"https:\/\/persianasysolucionesya.com\/wp-content\/uploads\/2022\/03\/f30fee10e890be5838fee829c1ab69d1-1.jpg\" class=\"attachment-full size-full wp-image-3081\" alt=\"\" srcset=\"https:\/\/persianasysolucionesya.com\/wp-content\/uploads\/2022\/03\/f30fee10e890be5838fee829c1ab69d1-1.jpg 502w, https:\/\/persianasysolucionesya.com\/wp-content\/uploads\/2022\/03\/f30fee10e890be5838fee829c1ab69d1-1-300x229.jpg 300w\" sizes=\"(max-width: 502px) 100vw, 502px\" \/><\/a><\/figure><div class=\"elementor-image-box-content\"><h3 class=\"elementor-image-box-title\"><a href=\"https:\/\/api.whatsapp.com\/send?phone=+573128466961&#038;text=%C2%A1Hola!%20Deseo%20asesoria%20de%20Toldo%20de%20Brazos%20Extensibles%20\">Toldo Brazos Extensibles<\/a><\/h3><p class=\"elementor-image-box-description\">Extiende tus espacios de interior, bajo toldo de brazos extensibles. disfruta del clima mientras te protegemos de los rayos uv<\/p><\/div><\/div>\t\t\t\t<\/div>\n\t\t\t\t<\/div>\n\t\t\t\t\t<\/div>\n\t\t<\/div>\n\t\t\t\t\t<\/div>\n\t\t<\/section>\n\t\t\t\t<section class=\"elementor-section elementor-inner-section elementor-element elementor-element-4d031323 elementor-section-content-middle elementor-section-boxed elementor-section-height-default elementor-section-height-default\" data-id=\"4d031323\" data-element_type=\"section\">\n\t\t\t\t\t\t<div class=\"elementor-container elementor-column-gap-no\">\n\t\t\t\t\t<div class=\"elementor-column elementor-col-50 elementor-inner-column elementor-element elementor-element-338a234d\" data-id=\"338a234d\" data-element_type=\"column\">\n\t\t\t<div class=\"elementor-widget-wrap elementor-element-populated\">\n\t\t\t\t\t\t<div class=\"elementor-element elementor-element-28e51c2 elementor-position-top elementor-widget elementor-widget-image-box\" data-id=\"28e51c2\" data-element_type=\"widget\" data-widget_type=\"image-box.default\">\n\t\t\t\t<div class=\"elementor-widget-container\">\n\t\t\t\t\t<div class=\"elementor-image-box-wrapper\"><figure class=\"elementor-image-box-img\"><a href=\"https:\/\/api.whatsapp.com\/send?phone=+573128466961&#038;text=%C2%A1Hola!%20Deseo%20asesoria%20de%20Toldo%20Fijo\" tabindex=\"-1\"><img decoding=\"async\" width=\"950\" height=\"1200\" src=\"https:\/\/persianasysolucionesya.com\/wp-content\/uploads\/2022\/03\/Toldos-Brazo-Fijo.jpg\" class=\"attachment-full size-full wp-image-3075\" alt=\"\" srcset=\"https:\/\/persianasysolucionesya.com\/wp-content\/uploads\/2022\/03\/Toldos-Brazo-Fijo.jpg 950w, https:\/\/persianasysolucionesya.com\/wp-content\/uploads\/2022\/03\/Toldos-Brazo-Fijo-238x300.jpg 238w, https:\/\/persianasysolucionesya.com\/wp-content\/uploads\/2022\/03\/Toldos-Brazo-Fijo-811x1024.jpg 811w, https:\/\/persianasysolucionesya.com\/wp-content\/uploads\/2022\/03\/Toldos-Brazo-Fijo-768x970.jpg 768w, https:\/\/persianasysolucionesya.com\/wp-content\/uploads\/2022\/03\/Toldos-Brazo-Fijo-600x758.jpg 600w\" sizes=\"(max-width: 950px) 100vw, 950px\" \/><\/a><\/figure><div class=\"elementor-image-box-content\"><h3 class=\"elementor-image-box-title\"><a href=\"https:\/\/api.whatsapp.com\/send?phone=+573128466961&#038;text=%C2%A1Hola!%20Deseo%20asesoria%20de%20Toldo%20Fijo\">Toldo Fijo<\/a><\/h3><p class=\"elementor-image-box-description\">resiste a fuertes lluvias o tormentas<\/p><\/div><\/div>\t\t\t\t<\/div>\n\t\t\t\t<\/div>\n\t\t\t\t\t<\/div>\n\t\t<\/div>\n\t\t\t\t<div class=\"elementor-column elementor-col-50 elementor-inner-column elementor-element elementor-element-5f437955\" data-id=\"5f437955\" data-element_type=\"column\">\n\t\t\t<div class=\"elementor-widget-wrap elementor-element-populated\">\n\t\t\t\t\t\t<div class=\"elementor-element elementor-element-642b4124 elementor-position-top elementor-widget elementor-widget-image-box\" data-id=\"642b4124\" data-element_type=\"widget\" data-widget_type=\"image-box.default\">\n\t\t\t\t<div class=\"elementor-widget-container\">\n\t\t\t\t\t<div class=\"elementor-image-box-wrapper\"><figure class=\"elementor-image-box-img\"><a href=\"https:\/\/api.whatsapp.com\/send?phone=+573128466961&#038;text=%C2%A1Hola!%20Deseo%20asesoria%20de%20Pergola%20Retractil\" tabindex=\"-1\"><img loading=\"lazy\" decoding=\"async\" width=\"1200\" height=\"720\" src=\"https:\/\/persianasysolucionesya.com\/wp-content\/uploads\/2022\/05\/pergolahorizon4-ouverte.jpg\" class=\"attachment-full size-full wp-image-3190\" alt=\"\" srcset=\"https:\/\/persianasysolucionesya.com\/wp-content\/uploads\/2022\/05\/pergolahorizon4-ouverte.jpg 1200w, https:\/\/persianasysolucionesya.com\/wp-content\/uploads\/2022\/05\/pergolahorizon4-ouverte-300x180.jpg 300w, https:\/\/persianasysolucionesya.com\/wp-content\/uploads\/2022\/05\/pergolahorizon4-ouverte-1024x614.jpg 1024w, https:\/\/persianasysolucionesya.com\/wp-content\/uploads\/2022\/05\/pergolahorizon4-ouverte-768x461.jpg 768w, https:\/\/persianasysolucionesya.com\/wp-content\/uploads\/2022\/05\/pergolahorizon4-ouverte-600x360.jpg 600w\" sizes=\"(max-width: 1200px) 100vw, 1200px\" \/><\/a><\/figure><div class=\"elementor-image-box-content\"><h3 class=\"elementor-image-box-title\"><a href=\"https:\/\/api.whatsapp.com\/send?phone=+573128466961&#038;text=%C2%A1Hola!%20Deseo%20asesoria%20de%20Pergola%20Retractil\">Pergola Retractil<\/a><\/h3><p class=\"elementor-image-box-description\">Alumunios y tejidos combinados en una expresion de dinamismo puro<\/p><\/div><\/div>\t\t\t\t<\/div>\n\t\t\t\t<\/div>\n\t\t\t\t\t<\/div>\n\t\t<\/div>\n\t\t\t\t\t<\/div>\n\t\t<\/section>\n\t\t\t\t\t<\/div>\n\t\t<\/div>\n\t\t\t\t\t<\/div>\n\t\t<\/section>\n\t\t\t\t<section class=\"elementor-section elementor-top-section elementor-element elementor-element-5a5272fd elementor-section-content-middle elementor-section-boxed elementor-section-height-default elementor-section-height-default\" data-id=\"5a5272fd\" data-element_type=\"section\" data-settings=\"{&quot;background_background&quot;:&quot;gradient&quot;}\">\n\t\t\t\t\t\t<div class=\"elementor-container elementor-column-gap-no\">\n\t\t\t\t\t<div class=\"elementor-column elementor-col-100 elementor-top-column elementor-element elementor-element-6a93e89f\" data-id=\"6a93e89f\" data-element_type=\"column\">\n\t\t\t<div class=\"elementor-widget-wrap elementor-element-populated\">\n\t\t\t\t\t\t<div class=\"elementor-element elementor-element-498cf8ae elementor-widget elementor-widget-heading\" data-id=\"498cf8ae\" data-element_type=\"widget\" data-widget_type=\"heading.default\">\n\t\t\t\t<div class=\"elementor-widget-container\">\n\t\t\t\t\t<h4 class=\"elementor-heading-title elementor-size-default\">Expertos en Productos para Regulaci\u00f3n Solar y Exteriores<\/h4>\t\t\t\t<\/div>\n\t\t\t\t<\/div>\n\t\t\t\t<div class=\"elementor-element elementor-element-4b840837 elementor-widget elementor-widget-text-editor\" data-id=\"4b840837\" data-element_type=\"widget\" data-widget_type=\"text-editor.default\">\n\t\t\t\t<div class=\"elementor-widget-container\">\n\t\t\t\t\t\t\t\t\t<p>Mas de 10 a\u00f1os de experiencia en venta de productos para regulaci\u00f3n solar y exteriores. Solicita una asesor\u00eda con nosotros. Excelente atenci\u00f3n. Con gusto te atenderemos.<\/p>\t\t\t\t\t\t\t\t<\/div>\n\t\t\t\t<\/div>\n\t\t\t\t<div class=\"elementor-element elementor-element-253ee4ba elementor-widget elementor-widget-video\" data-id=\"253ee4ba\" data-element_type=\"widget\" data-settings=\"{&quot;youtube_url&quot;:&quot;https:\\\/\\\/www.youtube.com\\\/watch?v=AaEJMf5w0CQ&quot;,&quot;video_type&quot;:&quot;youtube&quot;,&quot;controls&quot;:&quot;yes&quot;}\" data-widget_type=\"video.default\">\n\t\t\t\t<div class=\"elementor-widget-container\">\n\t\t\t\t\t\t\t<div class=\"elementor-wrapper elementor-open-inline\">\n\t\t\t<div class=\"elementor-video\"><\/div>\t\t<\/div>\n\t\t\t\t\t\t<\/div>\n\t\t\t\t<\/div>\n\t\t\t\t\t<\/div>\n\t\t<\/div>\n\t\t\t\t\t<\/div>\n\t\t<\/section>\n\t\t\t\t<section class=\"elementor-section elementor-top-section elementor-element elementor-element-558c847a elementor-section-content-middle elementor-section-boxed elementor-section-height-default elementor-section-height-default\" data-id=\"558c847a\" data-element_type=\"section\" data-settings=\"{&quot;background_background&quot;:&quot;classic&quot;}\">\n\t\t\t\t\t\t<div class=\"elementor-container elementor-column-gap-no\">\n\t\t\t\t\t<div class=\"elementor-column elementor-col-100 elementor-top-column elementor-element elementor-element-2be4722\" data-id=\"2be4722\" data-element_type=\"column\">\n\t\t\t<div class=\"elementor-widget-wrap elementor-element-populated\">\n\t\t\t\t\t\t<div class=\"elementor-element elementor-element-160e7322 elementor-widget elementor-widget-heading\" data-id=\"160e7322\" data-element_type=\"widget\" data-widget_type=\"heading.default\">\n\t\t\t\t<div class=\"elementor-widget-container\">\n\t\t\t\t\t<h6 class=\"elementor-heading-title elementor-size-default\">contactaos<\/h6>\t\t\t\t<\/div>\n\t\t\t\t<\/div>\n\t\t\t\t<div class=\"elementor-element elementor-element-43cd8699 elementor-widget elementor-widget-heading\" data-id=\"43cd8699\" data-element_type=\"widget\" data-widget_type=\"heading.default\">\n\t\t\t\t<div class=\"elementor-widget-container\">\n\t\t\t\t\t<h6 class=\"elementor-heading-title elementor-size-default\">+57 3128466961<br>+57 316570711<\/h6>\t\t\t\t<\/div>\n\t\t\t\t<\/div>\n\t\t\t\t<div class=\"elementor-element elementor-element-46bb4e23 elementor-widget elementor-widget-heading\" data-id=\"46bb4e23\" data-element_type=\"widget\" data-widget_type=\"heading.default\">\n\t\t\t\t<div class=\"elementor-widget-container\">\n\t\t\t\t\t<h3 class=\"elementor-heading-title elementor-size-default\">SEDE PRINCIPAL PUNTO DE VENTA, Armenia Quind\u00edo Calle Quinta 13-09 Frente Unicentro<br>SEDE VIRTUAL, Pereira Risaralda<br>SERVIMOS A TODO EL EJE CAFETERO<\/h3>\t\t\t\t<\/div>\n\t\t\t\t<\/div>\n\t\t\t\t<div class=\"elementor-element elementor-element-5b2ab0de elementor-widget elementor-widget-google_maps\" data-id=\"5b2ab0de\" data-element_type=\"widget\" data-widget_type=\"google_maps.default\">\n\t\t\t\t<div class=\"elementor-widget-container\">\n\t\t\t\t\t\t\t<div class=\"elementor-custom-embed\">\n\t\t\t<iframe loading=\"lazy\"\n\t\t\t\t\tsrc=\"https:\/\/maps.google.com\/maps?q=pereira&#038;t=m&#038;z=18&#038;output=embed&#038;iwloc=near\"\n\t\t\t\t\ttitle=\"pereira\"\n\t\t\t\t\taria-label=\"pereira\"\n\t\t\t><\/iframe>\n\t\t<\/div>\n\t\t\t\t\t\t<\/div>\n\t\t\t\t<\/div>\n\t\t\t\t\t<\/div>\n\t\t<\/div>\n\t\t\t\t\t<\/div>\n\t\t<\/section>\n\t\t\t\t<\/div>\n\t\t","protected":false},"excerpt":{"rendered":"<p>Exteriores Soluciones para patios, terrazas y todos los espacios donde requieras protecci\u00f3n solar. Prolonga tus espacios de interior y disfr\u00fatalos todo el a\u00f1o sin preocuparte por el clima con productos altamente resistentes a incidencias clim\u00e1ticas. Enrollables para Exteriores Persiana enrollable para exteriores, regula la entrada de rayos de sol y de agua. Toldo Brazos Extensibles [&hellip;]<\/p>\n","protected":false},"author":1,"featured_media":0,"parent":0,"menu_order":0,"comment_status":"closed","ping_status":"closed","template":"","meta":{"_joinchat":[],"footnotes":""},"class_list":["post-3183","page","type-page","status-publish","hentry"],"yoast_head":"<!-- This site is optimized with the Yoast SEO plugin v25.9 - https:\/\/yoast.com\/wordpress\/plugins\/seo\/ -->\n<title>Exteriores - Persianas y Soluciones<\/title>\n<meta name=\"robots\" content=\"index, follow, max-snippet:-1, max-image-preview:large, max-video-preview:-1\" \/>\n<link rel=\"canonical\" href=\"https:\/\/persianasysolucionesya.com\/?page_id=3183\" \/>\n<meta property=\"og:locale\" content=\"es_ES\" \/>\n<meta property=\"og:type\" content=\"article\" \/>\n<meta property=\"og:title\" content=\"Exteriores - Persianas y Soluciones\" \/>\n<meta property=\"og:description\" content=\"Exteriores Soluciones para patios, terrazas y todos los espacios donde requieras protecci\u00f3n solar. Prolonga tus espacios de interior y disfr\u00fatalos todo el a\u00f1o sin preocuparte por el clima con productos altamente resistentes a incidencias clim\u00e1ticas. Enrollables para Exteriores Persiana enrollable para exteriores, regula la entrada de rayos de sol y de agua. Toldo Brazos Extensibles [&hellip;]\" \/>\n<meta property=\"og:url\" content=\"https:\/\/persianasysolucionesya.com\/?page_id=3183\" \/>\n<meta property=\"og:site_name\" content=\"Persianas y Soluciones\" \/>\n<meta property=\"article:modified_time\" content=\"2022-05-25T18:08:12+00:00\" \/>\n<meta property=\"og:image\" content=\"http:\/\/persianasysolucionesya.com\/wp-content\/uploads\/2022\/03\/galeria-toldo-vertical-009.jpg\" \/>\n<meta name=\"twitter:card\" content=\"summary_large_image\" \/>\n<meta name=\"twitter:label1\" content=\"Tiempo de lectura\" \/>\n\t<meta name=\"twitter:data1\" content=\"2 minutos\" \/>\n<script type=\"application\/ld+json\" class=\"yoast-schema-graph\">{\"@context\":\"https:\/\/schema.org\",\"@graph\":[{\"@type\":\"WebPage\",\"@id\":\"https:\/\/persianasysolucionesya.com\/?page_id=3183\",\"url\":\"https:\/\/persianasysolucionesya.com\/?page_id=3183\",\"name\":\"Exteriores - Persianas y Soluciones\",\"isPartOf\":{\"@id\":\"https:\/\/persianasysolucionesya.com\/#website\"},\"primaryImageOfPage\":{\"@id\":\"https:\/\/persianasysolucionesya.com\/?page_id=3183#primaryimage\"},\"image\":{\"@id\":\"https:\/\/persianasysolucionesya.com\/?page_id=3183#primaryimage\"},\"thumbnailUrl\":\"http:\/\/persianasysolucionesya.com\/wp-content\/uploads\/2022\/03\/galeria-toldo-vertical-009.jpg\",\"datePublished\":\"2022-05-25T18:01:28+00:00\",\"dateModified\":\"2022-05-25T18:08:12+00:00\",\"breadcrumb\":{\"@id\":\"https:\/\/persianasysolucionesya.com\/?page_id=3183#breadcrumb\"},\"inLanguage\":\"es-CO\",\"potentialAction\":[{\"@type\":\"ReadAction\",\"target\":[\"https:\/\/persianasysolucionesya.com\/?page_id=3183\"]}]},{\"@type\":\"ImageObject\",\"inLanguage\":\"es-CO\",\"@id\":\"https:\/\/persianasysolucionesya.com\/?page_id=3183#primaryimage\",\"url\":\"http:\/\/persianasysolucionesya.com\/wp-content\/uploads\/2022\/03\/galeria-toldo-vertical-009.jpg\",\"contentUrl\":\"http:\/\/persianasysolucionesya.com\/wp-content\/uploads\/2022\/03\/galeria-toldo-vertical-009.jpg\"},{\"@type\":\"BreadcrumbList\",\"@id\":\"https:\/\/persianasysolucionesya.com\/?page_id=3183#breadcrumb\",\"itemListElement\":[{\"@type\":\"ListItem\",\"position\":1,\"name\":\"Home\",\"item\":\"https:\/\/persianasysolucionesya.com\/\"},{\"@type\":\"ListItem\",\"position\":2,\"name\":\"Exteriores\"}]},{\"@type\":\"WebSite\",\"@id\":\"https:\/\/persianasysolucionesya.com\/#website\",\"url\":\"https:\/\/persianasysolucionesya.com\/\",\"name\":\"Persianas y Soluciones\",\"description\":\"Just another WordPress site\",\"potentialAction\":[{\"@type\":\"SearchAction\",\"target\":{\"@type\":\"EntryPoint\",\"urlTemplate\":\"https:\/\/persianasysolucionesya.com\/?s={search_term_string}\"},\"query-input\":{\"@type\":\"PropertyValueSpecification\",\"valueRequired\":true,\"valueName\":\"search_term_string\"}}],\"inLanguage\":\"es-CO\"}]}<\/script>\n<!-- \/ Yoast SEO plugin. -->","yoast_head_json":{"title":"Exteriores - Persianas y Soluciones","robots":{"index":"index","follow":"follow","max-snippet":"max-snippet:-1","max-image-preview":"max-image-preview:large","max-video-preview":"max-video-preview:-1"},"canonical":"https:\/\/persianasysolucionesya.com\/?page_id=3183","og_locale":"es_ES","og_type":"article","og_title":"Exteriores - Persianas y Soluciones","og_description":"Exteriores Soluciones para patios, terrazas y todos los espacios donde requieras protecci\u00f3n solar. Prolonga tus espacios de interior y disfr\u00fatalos todo el a\u00f1o sin preocuparte por el clima con productos altamente resistentes a incidencias clim\u00e1ticas. Enrollables para Exteriores Persiana enrollable para exteriores, regula la entrada de rayos de sol y de agua. Toldo Brazos Extensibles [&hellip;]","og_url":"https:\/\/persianasysolucionesya.com\/?page_id=3183","og_site_name":"Persianas y Soluciones","article_modified_time":"2022-05-25T18:08:12+00:00","og_image":[{"url":"http:\/\/persianasysolucionesya.com\/wp-content\/uploads\/2022\/03\/galeria-toldo-vertical-009.jpg","type":"","width":"","height":""}],"twitter_card":"summary_large_image","twitter_misc":{"Tiempo de lectura":"2 minutos"},"schema":{"@context":"https:\/\/schema.org","@graph":[{"@type":"WebPage","@id":"https:\/\/persianasysolucionesya.com\/?page_id=3183","url":"https:\/\/persianasysolucionesya.com\/?page_id=3183","name":"Exteriores - Persianas y Soluciones","isPartOf":{"@id":"https:\/\/persianasysolucionesya.com\/#website"},"primaryImageOfPage":{"@id":"https:\/\/persianasysolucionesya.com\/?page_id=3183#primaryimage"},"image":{"@id":"https:\/\/persianasysolucionesya.com\/?page_id=3183#primaryimage"},"thumbnailUrl":"http:\/\/persianasysolucionesya.com\/wp-content\/uploads\/2022\/03\/galeria-toldo-vertical-009.jpg","datePublished":"2022-05-25T18:01:28+00:00","dateModified":"2022-05-25T18:08:12+00:00","breadcrumb":{"@id":"https:\/\/persianasysolucionesya.com\/?page_id=3183#breadcrumb"},"inLanguage":"es-CO","potentialAction":[{"@type":"ReadAction","target":["https:\/\/persianasysolucionesya.com\/?page_id=3183"]}]},{"@type":"ImageObject","inLanguage":"es-CO","@id":"https:\/\/persianasysolucionesya.com\/?page_id=3183#primaryimage","url":"http:\/\/persianasysolucionesya.com\/wp-content\/uploads\/2022\/03\/galeria-toldo-vertical-009.jpg","contentUrl":"http:\/\/persianasysolucionesya.com\/wp-content\/uploads\/2022\/03\/galeria-toldo-vertical-009.jpg"},{"@type":"BreadcrumbList","@id":"https:\/\/persianasysolucionesya.com\/?page_id=3183#breadcrumb","itemListElement":[{"@type":"ListItem","position":1,"name":"Home","item":"https:\/\/persianasysolucionesya.com\/"},{"@type":"ListItem","position":2,"name":"Exteriores"}]},{"@type":"WebSite","@id":"https:\/\/persianasysolucionesya.com\/#website","url":"https:\/\/persianasysolucionesya.com\/","name":"Persianas y Soluciones","description":"Just another WordPress site","potentialAction":[{"@type":"SearchAction","target":{"@type":"EntryPoint","urlTemplate":"https:\/\/persianasysolucionesya.com\/?s={search_term_string}"},"query-input":{"@type":"PropertyValueSpecification","valueRequired":true,"valueName":"search_term_string"}}],"inLanguage":"es-CO"}]}},"brizy_media":[],"_links":{"self":[{"href":"https:\/\/persianasysolucionesya.com\/index.php?rest_route=\/wp\/v2\/pages\/3183","targetHints":{"allow":["GET"]}}],"collection":[{"href":"https:\/\/persianasysolucionesya.com\/index.php?rest_route=\/wp\/v2\/pages"}],"about":[{"href":"https:\/\/persianasysolucionesya.com\/index.php?rest_route=\/wp\/v2\/types\/page"}],"author":[{"embeddable":true,"href":"https:\/\/persianasysolucionesya.com\/index.php?rest_route=\/wp\/v2\/users\/1"}],"replies":[{"embeddable":true,"href":"https:\/\/persianasysolucionesya.com\/index.php?rest_route=%2Fwp%2Fv2%2Fcomments&post=3183"}],"version-history":[{"count":0,"href":"https:\/\/persianasysolucionesya.com\/index.php?rest_route=\/wp\/v2\/pages\/3183\/revisions"}],"wp:attachment":[{"href":"https:\/\/persianasysolucionesya.com\/index.php?rest_route=%2Fwp%2Fv2%2Fmedia&parent=3183"}],"curies":[{"name":"wp","href":"https:\/\/api.w.org\/{rel}","templated":true}]}}